{"id":89,"date":"2019-08-16T13:05:45","date_gmt":"2019-08-16T17:05:45","guid":{"rendered":"http:\/\/legacyofhope.ca\/?page_id=89"},"modified":"2021-01-18T09:38:55","modified_gmt":"2021-01-18T14:38:55","slug":"we-were-so-far-away-the-inuit-experience-of-residential-schools","status":"publish","type":"page","link":"https:\/\/legacyofhope.ca\/fr\/home\/exhibitions\/we-were-so-far-away-the-inuit-experience-of-residential-schools\/","title":{"rendered":"Nous \u00e9tions si loin: l&#039;exp\u00e9rience inuite des pensionnats indiens"},"content":{"rendered":"<div class=\"fusion-fullwidth fullwidth-box fusion-builder-row-1 fusion-flex-container nonhundred-percent-fullwidth non-hundred-percent-height-scrolling\" style=\"--awb-border-radius-top-left:0px;--awb-border-radius-top-right:0px;--awb-border-radius-bottom-right:0px;--awb-border-radius-bottom-left:0px;--awb-padding-top:15px;--awb-flex-wrap:wrap;\" ><div class=\"fusion-builder-row fusion-row fusion-flex-align-items-flex-start fusion-flex-content-wrap\" style=\"max-width:calc( 1170px + 0px );margin-left: calc(-0px \/ 2 );margin-right: calc(-0px \/ 2 );\"><div class=\"fusion-layout-column fusion_builder_column fusion-builder-column-0 fusion_builder_column_1_1 1_1 fusion-flex-column\" style=\"--awb-bg-size:cover;--awb-width-large:100%;--awb-margin-top-large:0px;--awb-spacing-right-large:0px;--awb-margin-bottom-large:0px;--awb-spacing-left-large:0px;--awb-width-medium:100%;--awb-spacing-right-medium:0px;--awb-spacing-left-medium:0px;--awb-width-small:100%;--awb-spacing-right-small:0px;--awb-spacing-left-small:0px;\"><div class=\"fusion-column-wrapper fusion-column-has-shadow fusion-flex-justify-content-flex-start fusion-content-layout-column\"><div class=\"fusion-text fusion-text-1\"><h1 style=\"text-align: center;\">Nous \u00e9tions si loin<\/h1>\n<\/div><\/div><\/div><div class=\"fusion-layout-column fusion_builder_column fusion-builder-column-1 fusion_builder_column_1_1 1_1 fusion-flex-column\" style=\"--awb-bg-size:cover;--awb-width-large:100%;--awb-margin-top-large:0px;--awb-spacing-right-large:0px;--awb-margin-bottom-large:0px;--awb-spacing-left-large:0px;--awb-width-medium:100%;--awb-spacing-right-medium:0px;--awb-spacing-left-medium:0px;--awb-width-small:100%;--awb-spacing-right-small:0px;--awb-spacing-left-small:0px;\"><div class=\"fusion-column-wrapper fusion-flex-justify-content-flex-start fusion-content-layout-column\"><div class=\"fusion-text fusion-text-2\"><p style=\"text-align: left;\">Les exp\u00e9riences des Inuits dans les pensionnats indiens sont uniques et intimement li\u00e9es aux changements sociaux et politiques rapides dans le Nord, \u00e0 partir du milieu du XXe si\u00e8cle. Cette exposition raconte l&#039;histoire \u00e0 travers des r\u00e9cits \u00e0 la premi\u00e8re personne et des images d&#039;archives.<\/p>\n<p>Cette exposition raconte les histoires de huit survivants inuits des pensionnats indiens pr\u00e9sent\u00e9s dans leurs propres mots et illustr\u00e9s de photographies personnelles et historiques, y compris leurs souvenirs d&#039;enfance et leurs exp\u00e9riences scolaires, les luttes qu&#039;ils ont d\u00e9j\u00e0 surmont\u00e9es et les d\u00e9fis auxquels ils sont encore confront\u00e9s aujourd&#039;hui.<\/p>\n<p>Cette exposition a jou\u00e9 un r\u00f4le important dans la cr\u00e9ation d&#039;un dialogue au sein des communaut\u00e9s inuites et parmi les Canadiens non autochtones. Des survivants ont d\u00e9clar\u00e9 que de nombreuses communaut\u00e9s inuites avaient encore du mal \u00e0 parler de cette question et de nombreux visiteurs de l&#039;exposition de l&#039;\u00e9poque comprenaient qu&#039;il y avait des diff\u00e9rences entre l&#039;exp\u00e9rience des Premi\u00e8res Nations, des Inuits et des M\u00e9tis de ces \u00e9coles.<\/p>\n<p>The last Residential School \u2013 Grollier Hall, a Residential School for Indian and Inuit children in Inuvik, North West Territories, opened in 1959 and was run by the Oblates until 1985. It closed in 1997 and the impacts have been devastating on generations. The school was situated beside Stringer Hall, a similar facility operated by the Anglican church. Each facility had a capacity for 250 children. As of 1970 the Government of the NWT assumed control of Stringer Hall. It was demolished in 2001.<\/p>\n<ul>\n<li><a href=\"http:\/\/legacyofhope.ca\/weweresofaraway\">Cliquez ici pour voir le site Web Nous \u00e9tions si loin<\/a><\/li>\n<li><a href=\"http:\/\/legacyofhope.ca\/wp-content\/uploads\/2020\/02\/WWSFA-Guide-Digital.compressed.pdf\">Cliquez ici pour voir le guide de l&#039;atelier<\/a><\/li>\n<\/ul>\n<\/div><\/div><\/div><\/div><\/div>","protected":false},"excerpt":{"rendered":"","protected":false},"author":1,"featured_media":0,"parent":841,"menu_order":0,"comment_status":"closed","ping_status":"closed","template":"","meta":{"_acf_changed":false,"footnotes":""},"class_list":["post-89","page","type-page","status-publish","hentry"],"acf":[],"yoast_head":"<!-- This site is optimized with the Yoast SEO plugin v27.3 - https:\/\/yoast.com\/product\/yoast-seo-wordpress\/ -->\n<title>We Were So Far Away : The Inuit Experience of Residential Schools - Legacy of Hope Foundation<\/title>\n<meta name=\"robots\" content=\"index, follow, max-snippet:-1, max-image-preview:large, max-video-preview:-1\" \/>\n<link rel=\"canonical\" href=\"https:\/\/legacyofhope.ca\/fr\/home\/exhibitions\/we-were-so-far-away-the-inuit-experience-of-residential-schools\/\" \/>\n<meta property=\"og:locale\" content=\"fr_CA\" \/>\n<meta property=\"og:type\" content=\"article\" \/>\n<meta property=\"og:title\" content=\"We Were So Far Away : The Inuit Experience of Residential Schools - Legacy of Hope Foundation\" \/>\n<meta property=\"og:url\" content=\"https:\/\/legacyofhope.ca\/fr\/home\/exhibitions\/we-were-so-far-away-the-inuit-experience-of-residential-schools\/\" \/>\n<meta property=\"og:site_name\" content=\"Legacy of Hope Foundation\" \/>\n<meta property=\"article:publisher\" content=\"https:\/\/www.facebook.com\/legacyofhopefound\" \/>\n<meta property=\"article:modified_time\" content=\"2021-01-18T14:38:55+00:00\" \/>\n<meta name=\"twitter:card\" content=\"summary_large_image\" \/>\n<meta name=\"twitter:site\" content=\"@legacyhopefound\" \/>\n<meta name=\"twitter:label1\" content=\"Estimation du temps de lecture\" \/>\n\t<meta name=\"twitter:data1\" content=\"3 minutes\" \/>\n<script type=\"application\/ld+json\" class=\"yoast-schema-graph\">{\"@context\":\"https:\\\/\\\/schema.org\",\"@graph\":[{\"@type\":\"WebPage\",\"@id\":\"https:\\\/\\\/legacyofhope.ca\\\/home\\\/exhibitions\\\/we-were-so-far-away-the-inuit-experience-of-residential-schools\\\/\",\"url\":\"https:\\\/\\\/legacyofhope.ca\\\/home\\\/exhibitions\\\/we-were-so-far-away-the-inuit-experience-of-residential-schools\\\/\",\"name\":\"We Were So Far Away : The Inuit Experience of Residential Schools - Legacy of Hope Foundation\",\"isPartOf\":{\"@id\":\"https:\\\/\\\/legacyofhope.ca\\\/#website\"},\"datePublished\":\"2019-08-16T17:05:45+00:00\",\"dateModified\":\"2021-01-18T14:38:55+00:00\",\"breadcrumb\":{\"@id\":\"https:\\\/\\\/legacyofhope.ca\\\/home\\\/exhibitions\\\/we-were-so-far-away-the-inuit-experience-of-residential-schools\\\/#breadcrumb\"},\"inLanguage\":\"fr-CA\",\"potentialAction\":[{\"@type\":\"ReadAction\",\"target\":[\"https:\\\/\\\/legacyofhope.ca\\\/home\\\/exhibitions\\\/we-were-so-far-away-the-inuit-experience-of-residential-schools\\\/\"]}]},{\"@type\":\"BreadcrumbList\",\"@id\":\"https:\\\/\\\/legacyofhope.ca\\\/home\\\/exhibitions\\\/we-were-so-far-away-the-inuit-experience-of-residential-schools\\\/#breadcrumb\",\"itemListElement\":[{\"@type\":\"ListItem\",\"position\":1,\"name\":\"Home\",\"item\":\"https:\\\/\\\/legacyofhope.ca\\\/\"},{\"@type\":\"ListItem\",\"position\":2,\"name\":\"Home\",\"item\":\"https:\\\/\\\/legacyofhope.ca\\\/\"},{\"@type\":\"ListItem\",\"position\":3,\"name\":\"Exhibitions\",\"item\":\"https:\\\/\\\/legacyofhope.ca\\\/home\\\/exhibitions\\\/\"},{\"@type\":\"ListItem\",\"position\":4,\"name\":\"We Were So Far Away : The Inuit Experience of Residential Schools\"}]},{\"@type\":\"WebSite\",\"@id\":\"https:\\\/\\\/legacyofhope.ca\\\/#website\",\"url\":\"https:\\\/\\\/legacyofhope.ca\\\/\",\"name\":\"Legacy of Hope Foundation\",\"description\":\"Indigenous-led charitable organization\",\"publisher\":{\"@id\":\"https:\\\/\\\/legacyofhope.ca\\\/#organization\"},\"potentialAction\":[{\"@type\":\"SearchAction\",\"target\":{\"@type\":\"EntryPoint\",\"urlTemplate\":\"https:\\\/\\\/legacyofhope.ca\\\/?s={search_term_string}\"},\"query-input\":{\"@type\":\"PropertyValueSpecification\",\"valueRequired\":true,\"valueName\":\"search_term_string\"}}],\"inLanguage\":\"fr-CA\"},{\"@type\":\"Organization\",\"@id\":\"https:\\\/\\\/legacyofhope.ca\\\/#organization\",\"name\":\"Legacy of Hope Foundation\",\"url\":\"https:\\\/\\\/legacyofhope.ca\\\/\",\"logo\":{\"@type\":\"ImageObject\",\"inLanguage\":\"fr-CA\",\"@id\":\"https:\\\/\\\/legacyofhope.ca\\\/#\\\/schema\\\/logo\\\/image\\\/\",\"url\":\"https:\\\/\\\/i0.wp.com\\\/legacyofhope.ca\\\/wp-content\\\/uploads\\\/2023\\\/04\\\/LHF-Logo-English-Cropped-scaled.jpeg?fit=2560%2C1251&ssl=1\",\"contentUrl\":\"https:\\\/\\\/i0.wp.com\\\/legacyofhope.ca\\\/wp-content\\\/uploads\\\/2023\\\/04\\\/LHF-Logo-English-Cropped-scaled.jpeg?fit=2560%2C1251&ssl=1\",\"width\":2560,\"height\":1251,\"caption\":\"Legacy of Hope Foundation\"},\"image\":{\"@id\":\"https:\\\/\\\/legacyofhope.ca\\\/#\\\/schema\\\/logo\\\/image\\\/\"},\"sameAs\":[\"https:\\\/\\\/www.facebook.com\\\/legacyofhopefound\",\"https:\\\/\\\/x.com\\\/legacyhopefound\",\"https:\\\/\\\/www.youtube.com\\\/@LegacyofHopeFoundation\"]}]}<\/script>\n<!-- \/ Yoast SEO plugin. -->","yoast_head_json":{"title":"We Were So Far Away : The Inuit Experience of Residential Schools - Legacy of Hope Foundation","robots":{"index":"index","follow":"follow","max-snippet":"max-snippet:-1","max-image-preview":"max-image-preview:large","max-video-preview":"max-video-preview:-1"},"canonical":"https:\/\/legacyofhope.ca\/fr\/home\/exhibitions\/we-were-so-far-away-the-inuit-experience-of-residential-schools\/","og_locale":"fr_CA","og_type":"article","og_title":"We Were So Far Away : The Inuit Experience of Residential Schools - Legacy of Hope Foundation","og_url":"https:\/\/legacyofhope.ca\/fr\/home\/exhibitions\/we-were-so-far-away-the-inuit-experience-of-residential-schools\/","og_site_name":"Legacy of Hope Foundation","article_publisher":"https:\/\/www.facebook.com\/legacyofhopefound","article_modified_time":"2021-01-18T14:38:55+00:00","twitter_card":"summary_large_image","twitter_site":"@legacyhopefound","twitter_misc":{"Estimation du temps de lecture":"3 minutes"},"schema":{"@context":"https:\/\/schema.org","@graph":[{"@type":"WebPage","@id":"https:\/\/legacyofhope.ca\/home\/exhibitions\/we-were-so-far-away-the-inuit-experience-of-residential-schools\/","url":"https:\/\/legacyofhope.ca\/home\/exhibitions\/we-were-so-far-away-the-inuit-experience-of-residential-schools\/","name":"We Were So Far Away : The Inuit Experience of Residential Schools - Legacy of Hope Foundation","isPartOf":{"@id":"https:\/\/legacyofhope.ca\/#website"},"datePublished":"2019-08-16T17:05:45+00:00","dateModified":"2021-01-18T14:38:55+00:00","breadcrumb":{"@id":"https:\/\/legacyofhope.ca\/home\/exhibitions\/we-were-so-far-away-the-inuit-experience-of-residential-schools\/#breadcrumb"},"inLanguage":"fr-CA","potentialAction":[{"@type":"ReadAction","target":["https:\/\/legacyofhope.ca\/home\/exhibitions\/we-were-so-far-away-the-inuit-experience-of-residential-schools\/"]}]},{"@type":"BreadcrumbList","@id":"https:\/\/legacyofhope.ca\/home\/exhibitions\/we-were-so-far-away-the-inuit-experience-of-residential-schools\/#breadcrumb","itemListElement":[{"@type":"ListItem","position":1,"name":"Home","item":"https:\/\/legacyofhope.ca\/"},{"@type":"ListItem","position":2,"name":"Home","item":"https:\/\/legacyofhope.ca\/"},{"@type":"ListItem","position":3,"name":"Exhibitions","item":"https:\/\/legacyofhope.ca\/home\/exhibitions\/"},{"@type":"ListItem","position":4,"name":"We Were So Far Away : The Inuit Experience of Residential Schools"}]},{"@type":"WebSite","@id":"https:\/\/legacyofhope.ca\/#website","url":"https:\/\/legacyofhope.ca\/","name":"Fondation autochtone de l\u2019espoir","description":"Organisme de bienfaisance dirig\u00e9 par des Autochtones","publisher":{"@id":"https:\/\/legacyofhope.ca\/#organization"},"potentialAction":[{"@type":"SearchAction","target":{"@type":"EntryPoint","urlTemplate":"https:\/\/legacyofhope.ca\/?s={search_term_string}"},"query-input":{"@type":"PropertyValueSpecification","valueRequired":true,"valueName":"search_term_string"}}],"inLanguage":"fr-CA"},{"@type":"Organization","@id":"https:\/\/legacyofhope.ca\/#organization","name":"Fondation autochtone de l\u2019espoir","url":"https:\/\/legacyofhope.ca\/","logo":{"@type":"ImageObject","inLanguage":"fr-CA","@id":"https:\/\/legacyofhope.ca\/#\/schema\/logo\/image\/","url":"https:\/\/i0.wp.com\/legacyofhope.ca\/wp-content\/uploads\/2023\/04\/LHF-Logo-English-Cropped-scaled.jpeg?fit=2560%2C1251&ssl=1","contentUrl":"https:\/\/i0.wp.com\/legacyofhope.ca\/wp-content\/uploads\/2023\/04\/LHF-Logo-English-Cropped-scaled.jpeg?fit=2560%2C1251&ssl=1","width":2560,"height":1251,"caption":"Legacy of Hope Foundation"},"image":{"@id":"https:\/\/legacyofhope.ca\/#\/schema\/logo\/image\/"},"sameAs":["https:\/\/www.facebook.com\/legacyofhopefound","https:\/\/x.com\/legacyhopefound","https:\/\/www.youtube.com\/@LegacyofHopeFoundation"]}]}},"jetpack_sharing_enabled":true,"_links":{"self":[{"href":"https:\/\/legacyofhope.ca\/fr\/wp-json\/wp\/v2\/pages\/89","targetHints":{"allow":["GET"]}}],"collection":[{"href":"https:\/\/legacyofhope.ca\/fr\/wp-json\/wp\/v2\/pages"}],"about":[{"href":"https:\/\/legacyofhope.ca\/fr\/wp-json\/wp\/v2\/types\/page"}],"author":[{"embeddable":true,"href":"https:\/\/legacyofhope.ca\/fr\/wp-json\/wp\/v2\/users\/1"}],"replies":[{"embeddable":true,"href":"https:\/\/legacyofhope.ca\/fr\/wp-json\/wp\/v2\/comments?post=89"}],"version-history":[{"count":0,"href":"https:\/\/legacyofhope.ca\/fr\/wp-json\/wp\/v2\/pages\/89\/revisions"}],"up":[{"embeddable":true,"href":"https:\/\/legacyofhope.ca\/fr\/wp-json\/wp\/v2\/pages\/841"}],"wp:attachment":[{"href":"https:\/\/legacyofhope.ca\/fr\/wp-json\/wp\/v2\/media?parent=89"}],"curies":[{"name":"wp","href":"https:\/\/api.w.org\/{rel}","templated":true}]}}