{"id":79,"date":"2019-08-16T13:00:00","date_gmt":"2019-08-16T17:00:00","guid":{"rendered":"http:\/\/legacyofhope.ca\/?page_id=79"},"modified":"2019-09-17T10:03:06","modified_gmt":"2019-09-17T14:03:06","slug":"bi-giwen","status":"publish","type":"page","link":"https:\/\/legacyofhope.ca\/fr\/home\/exhibitions\/bi-giwen\/","title":{"rendered":"Bi-Giwen: Coming Home - La v\u00e9rit\u00e9 racont\u00e9e \u00e0 partir du scoop des ann\u00e9es 60"},"content":{"rendered":"<p style=\"text-align: center;\">The first of its kind, our newest exhibition, explores the experiences of Survivors of the Sixties Scoop, which began in the 1960s and continued until the late 1980s, where Indigenous children were taken from their families, often forcibly, fostered and\/or adopted out to non-Indigenous homes often far away from their communities and some across the globe. Developed in partnership with the National Indigenous Survivors of Child Welfare Network, this innovative and challenging Exhibition features the first-person testimonies of twelve Indigenous Survivors of the Scoop, and reflects upon their enduring strength and resilience.<\/p>","protected":false},"excerpt":{"rendered":"<p>The first of its kind, our newest exhibition, explores the experiences of Survivors of the Sixties Scoop, which began in the 1960s and continued until the late 1980s, where Indigenous children were taken from their families, often forcibly, fostered and\/or adopted out to non-Indigenous homes often far away from their communities and some across the<\/p>","protected":false},"author":1,"featured_media":0,"parent":841,"menu_order":0,"comment_status":"closed","ping_status":"closed","template":"","meta":{"_acf_changed":false,"footnotes":""},"class_list":["post-79","page","type-page","status-publish","hentry"],"acf":[],"yoast_head":"<!-- This site is optimized with the Yoast SEO plugin v27.3 - https:\/\/yoast.com\/product\/yoast-seo-wordpress\/ -->\n<title>Bi-Giwen: Coming Home \u2013 Truth Telling from the Sixties Scoop - Legacy of Hope Foundation<\/title>\n<meta name=\"robots\" content=\"index, follow, max-snippet:-1, max-image-preview:large, max-video-preview:-1\" \/>\n<link rel=\"canonical\" href=\"https:\/\/legacyofhope.ca\/fr\/home\/exhibitions\/bi-giwen\/\" \/>\n<meta property=\"og:locale\" content=\"fr_CA\" \/>\n<meta property=\"og:type\" content=\"article\" \/>\n<meta property=\"og:title\" content=\"Bi-Giwen: Coming Home \u2013 Truth Telling from the Sixties Scoop - Legacy of Hope Foundation\" \/>\n<meta property=\"og:description\" content=\"The first of its kind, our newest exhibition, explores the experiences of Survivors of the Sixties Scoop, which began in the 1960s and continued until the late 1980s, where Indigenous children were taken from their families, often forcibly, fostered and\/or adopted out to non-Indigenous homes often far away from their communities and some across the\" \/>\n<meta property=\"og:url\" content=\"https:\/\/legacyofhope.ca\/fr\/home\/exhibitions\/bi-giwen\/\" \/>\n<meta property=\"og:site_name\" content=\"Legacy of Hope Foundation\" \/>\n<meta property=\"article:publisher\" content=\"https:\/\/www.facebook.com\/legacyofhopefound\" \/>\n<meta property=\"article:modified_time\" content=\"2019-09-17T14:03:06+00:00\" \/>\n<meta name=\"twitter:card\" content=\"summary_large_image\" \/>\n<meta name=\"twitter:site\" content=\"@legacyhopefound\" \/>\n<script type=\"application\/ld+json\" class=\"yoast-schema-graph\">{\"@context\":\"https:\\\/\\\/schema.org\",\"@graph\":[{\"@type\":\"WebPage\",\"@id\":\"https:\\\/\\\/legacyofhope.ca\\\/home\\\/exhibitions\\\/bi-giwen\\\/\",\"url\":\"https:\\\/\\\/legacyofhope.ca\\\/home\\\/exhibitions\\\/bi-giwen\\\/\",\"name\":\"Bi-Giwen: Coming Home \u2013 Truth Telling from the Sixties Scoop - Legacy of Hope Foundation\",\"isPartOf\":{\"@id\":\"https:\\\/\\\/legacyofhope.ca\\\/#website\"},\"datePublished\":\"2019-08-16T17:00:00+00:00\",\"dateModified\":\"2019-09-17T14:03:06+00:00\",\"breadcrumb\":{\"@id\":\"https:\\\/\\\/legacyofhope.ca\\\/home\\\/exhibitions\\\/bi-giwen\\\/#breadcrumb\"},\"inLanguage\":\"fr-CA\",\"potentialAction\":[{\"@type\":\"ReadAction\",\"target\":[\"https:\\\/\\\/legacyofhope.ca\\\/home\\\/exhibitions\\\/bi-giwen\\\/\"]}]},{\"@type\":\"BreadcrumbList\",\"@id\":\"https:\\\/\\\/legacyofhope.ca\\\/home\\\/exhibitions\\\/bi-giwen\\\/#breadcrumb\",\"itemListElement\":[{\"@type\":\"ListItem\",\"position\":1,\"name\":\"Home\",\"item\":\"https:\\\/\\\/legacyofhope.ca\\\/\"},{\"@type\":\"ListItem\",\"position\":2,\"name\":\"Home\",\"item\":\"https:\\\/\\\/legacyofhope.ca\\\/\"},{\"@type\":\"ListItem\",\"position\":3,\"name\":\"Exhibitions\",\"item\":\"https:\\\/\\\/legacyofhope.ca\\\/home\\\/exhibitions\\\/\"},{\"@type\":\"ListItem\",\"position\":4,\"name\":\"Bi-Giwen: Coming Home \u2013 Truth Telling from the Sixties Scoop\"}]},{\"@type\":\"WebSite\",\"@id\":\"https:\\\/\\\/legacyofhope.ca\\\/#website\",\"url\":\"https:\\\/\\\/legacyofhope.ca\\\/\",\"name\":\"Legacy of Hope Foundation\",\"description\":\"Indigenous-led charitable organization\",\"publisher\":{\"@id\":\"https:\\\/\\\/legacyofhope.ca\\\/#organization\"},\"potentialAction\":[{\"@type\":\"SearchAction\",\"target\":{\"@type\":\"EntryPoint\",\"urlTemplate\":\"https:\\\/\\\/legacyofhope.ca\\\/?s={search_term_string}\"},\"query-input\":{\"@type\":\"PropertyValueSpecification\",\"valueRequired\":true,\"valueName\":\"search_term_string\"}}],\"inLanguage\":\"fr-CA\"},{\"@type\":\"Organization\",\"@id\":\"https:\\\/\\\/legacyofhope.ca\\\/#organization\",\"name\":\"Legacy of Hope Foundation\",\"url\":\"https:\\\/\\\/legacyofhope.ca\\\/\",\"logo\":{\"@type\":\"ImageObject\",\"inLanguage\":\"fr-CA\",\"@id\":\"https:\\\/\\\/legacyofhope.ca\\\/#\\\/schema\\\/logo\\\/image\\\/\",\"url\":\"https:\\\/\\\/i0.wp.com\\\/legacyofhope.ca\\\/wp-content\\\/uploads\\\/2023\\\/04\\\/LHF-Logo-English-Cropped-scaled.jpeg?fit=2560%2C1251&ssl=1\",\"contentUrl\":\"https:\\\/\\\/i0.wp.com\\\/legacyofhope.ca\\\/wp-content\\\/uploads\\\/2023\\\/04\\\/LHF-Logo-English-Cropped-scaled.jpeg?fit=2560%2C1251&ssl=1\",\"width\":2560,\"height\":1251,\"caption\":\"Legacy of Hope Foundation\"},\"image\":{\"@id\":\"https:\\\/\\\/legacyofhope.ca\\\/#\\\/schema\\\/logo\\\/image\\\/\"},\"sameAs\":[\"https:\\\/\\\/www.facebook.com\\\/legacyofhopefound\",\"https:\\\/\\\/x.com\\\/legacyhopefound\",\"https:\\\/\\\/www.youtube.com\\\/@LegacyofHopeFoundation\"]}]}<\/script>\n<!-- \/ Yoast SEO plugin. -->","yoast_head_json":{"title":"Bi-Giwen: Coming Home \u2013 Truth Telling from the Sixties Scoop - Legacy of Hope Foundation","robots":{"index":"index","follow":"follow","max-snippet":"max-snippet:-1","max-image-preview":"max-image-preview:large","max-video-preview":"max-video-preview:-1"},"canonical":"https:\/\/legacyofhope.ca\/fr\/home\/exhibitions\/bi-giwen\/","og_locale":"fr_CA","og_type":"article","og_title":"Bi-Giwen: Coming Home \u2013 Truth Telling from the Sixties Scoop - Legacy of Hope Foundation","og_description":"The first of its kind, our newest exhibition, explores the experiences of Survivors of the Sixties Scoop, which began in the 1960s and continued until the late 1980s, where Indigenous children were taken from their families, often forcibly, fostered and\/or adopted out to non-Indigenous homes often far away from their communities and some across the","og_url":"https:\/\/legacyofhope.ca\/fr\/home\/exhibitions\/bi-giwen\/","og_site_name":"Legacy of Hope Foundation","article_publisher":"https:\/\/www.facebook.com\/legacyofhopefound","article_modified_time":"2019-09-17T14:03:06+00:00","twitter_card":"summary_large_image","twitter_site":"@legacyhopefound","schema":{"@context":"https:\/\/schema.org","@graph":[{"@type":"WebPage","@id":"https:\/\/legacyofhope.ca\/home\/exhibitions\/bi-giwen\/","url":"https:\/\/legacyofhope.ca\/home\/exhibitions\/bi-giwen\/","name":"Bi-Giwen: Coming Home \u2013 Truth Telling from the Sixties Scoop - Legacy of Hope Foundation","isPartOf":{"@id":"https:\/\/legacyofhope.ca\/#website"},"datePublished":"2019-08-16T17:00:00+00:00","dateModified":"2019-09-17T14:03:06+00:00","breadcrumb":{"@id":"https:\/\/legacyofhope.ca\/home\/exhibitions\/bi-giwen\/#breadcrumb"},"inLanguage":"fr-CA","potentialAction":[{"@type":"ReadAction","target":["https:\/\/legacyofhope.ca\/home\/exhibitions\/bi-giwen\/"]}]},{"@type":"BreadcrumbList","@id":"https:\/\/legacyofhope.ca\/home\/exhibitions\/bi-giwen\/#breadcrumb","itemListElement":[{"@type":"ListItem","position":1,"name":"Home","item":"https:\/\/legacyofhope.ca\/"},{"@type":"ListItem","position":2,"name":"Home","item":"https:\/\/legacyofhope.ca\/"},{"@type":"ListItem","position":3,"name":"Exhibitions","item":"https:\/\/legacyofhope.ca\/home\/exhibitions\/"},{"@type":"ListItem","position":4,"name":"Bi-Giwen: Coming Home \u2013 Truth Telling from the Sixties Scoop"}]},{"@type":"WebSite","@id":"https:\/\/legacyofhope.ca\/#website","url":"https:\/\/legacyofhope.ca\/","name":"Fondation autochtone de l\u2019espoir","description":"Organisme de bienfaisance dirig\u00e9 par des Autochtones","publisher":{"@id":"https:\/\/legacyofhope.ca\/#organization"},"potentialAction":[{"@type":"SearchAction","target":{"@type":"EntryPoint","urlTemplate":"https:\/\/legacyofhope.ca\/?s={search_term_string}"},"query-input":{"@type":"PropertyValueSpecification","valueRequired":true,"valueName":"search_term_string"}}],"inLanguage":"fr-CA"},{"@type":"Organization","@id":"https:\/\/legacyofhope.ca\/#organization","name":"Fondation autochtone de l\u2019espoir","url":"https:\/\/legacyofhope.ca\/","logo":{"@type":"ImageObject","inLanguage":"fr-CA","@id":"https:\/\/legacyofhope.ca\/#\/schema\/logo\/image\/","url":"https:\/\/i0.wp.com\/legacyofhope.ca\/wp-content\/uploads\/2023\/04\/LHF-Logo-English-Cropped-scaled.jpeg?fit=2560%2C1251&ssl=1","contentUrl":"https:\/\/i0.wp.com\/legacyofhope.ca\/wp-content\/uploads\/2023\/04\/LHF-Logo-English-Cropped-scaled.jpeg?fit=2560%2C1251&ssl=1","width":2560,"height":1251,"caption":"Legacy of Hope Foundation"},"image":{"@id":"https:\/\/legacyofhope.ca\/#\/schema\/logo\/image\/"},"sameAs":["https:\/\/www.facebook.com\/legacyofhopefound","https:\/\/x.com\/legacyhopefound","https:\/\/www.youtube.com\/@LegacyofHopeFoundation"]}]}},"jetpack_sharing_enabled":true,"_links":{"self":[{"href":"https:\/\/legacyofhope.ca\/fr\/wp-json\/wp\/v2\/pages\/79","targetHints":{"allow":["GET"]}}],"collection":[{"href":"https:\/\/legacyofhope.ca\/fr\/wp-json\/wp\/v2\/pages"}],"about":[{"href":"https:\/\/legacyofhope.ca\/fr\/wp-json\/wp\/v2\/types\/page"}],"author":[{"embeddable":true,"href":"https:\/\/legacyofhope.ca\/fr\/wp-json\/wp\/v2\/users\/1"}],"replies":[{"embeddable":true,"href":"https:\/\/legacyofhope.ca\/fr\/wp-json\/wp\/v2\/comments?post=79"}],"version-history":[{"count":0,"href":"https:\/\/legacyofhope.ca\/fr\/wp-json\/wp\/v2\/pages\/79\/revisions"}],"up":[{"embeddable":true,"href":"https:\/\/legacyofhope.ca\/fr\/wp-json\/wp\/v2\/pages\/841"}],"wp:attachment":[{"href":"https:\/\/legacyofhope.ca\/fr\/wp-json\/wp\/v2\/media?parent=79"}],"curies":[{"name":"wp","href":"https:\/\/api.w.org\/{rel}","templated":true}]}}