{"id":61,"date":"2019-08-16T12:44:58","date_gmt":"2019-08-16T16:44:58","guid":{"rendered":"http:\/\/legacyofhope.ca\/?page_id=61"},"modified":"2025-06-10T11:36:54","modified_gmt":"2025-06-10T15:36:54","slug":"careers","status":"publish","type":"page","link":"https:\/\/legacyofhope.ca\/fr\/careers\/","title":{"rendered":"Emplois"},"content":{"rendered":"<p><div class=\"fusion-fullwidth fullwidth-box fusion-builder-row-1 fusion-flex-container nonhundred-percent-fullwidth non-hundred-percent-height-scrolling\" style=\"--awb-background-position:center bottom;--awb-border-radius-top-left:0px;--awb-border-radius-top-right:0px;--awb-border-radius-bottom-right:0px;--awb-border-radius-bottom-left:0px;--awb-padding-top:48px;--awb-padding-bottom:0px;--awb-margin-top:0px;--awb-margin-bottom:0px;--awb-flex-wrap:wrap;\" ><div class=\"fusion-builder-row fusion-row fusion-flex-align-items-flex-start fusion-flex-content-wrap\" style=\"max-width:calc( 1170px + 0px );margin-left: calc(-0px \/ 2 );margin-right: calc(-0px \/ 2 );\"><div class=\"fusion-layout-column fusion_builder_column fusion-builder-column-0 fusion_builder_column_1_1 1_1 fusion-flex-column fusion-animated\" style=\"--awb-bg-size:cover;--awb-width-large:100%;--awb-margin-top-large:0px;--awb-spacing-right-large:0px;--awb-margin-bottom-large:0px;--awb-spacing-left-large:0px;--awb-width-medium:100%;--awb-spacing-right-medium:0px;--awb-spacing-left-medium:0px;--awb-width-small:100%;--awb-spacing-right-small:0px;--awb-spacing-left-small:0px;\" data-animationtype=\"fadeInDown\" data-animationduration=\"1.0\" data-animationoffset=\"top-into-view\"><div class=\"fusion-column-wrapper fusion-column-has-shadow fusion-flex-justify-content-flex-start fusion-content-layout-column\"><div class=\"fusion-title title fusion-title-1 fusion-sep-none fusion-title-center fusion-title-text fusion-title-size-one\" style=\"--awb-margin-bottom:0px;--awb-margin-top-small:0px;--awb-margin-right-small:0px;--awb-margin-bottom-small:0px;--awb-margin-left-small:0px;\"><h1 class=\"fusion-title-heading title-heading-center fusion-responsive-typography-calculated\" style=\"margin:0;--fontSize:48;line-height:1.1;\">Opportunit\u00e9s d&#039;emploi<\/h1><\/div><div class=\"fusion-title title fusion-title-2 fusion-sep-none fusion-title-center fusion-title-text fusion-title-size-two\" style=\"--awb-text-color:#46b1fd;--awb-margin-top-small:0px;--awb-margin-right-small:0px;--awb-margin-bottom-small:20px;--awb-margin-left-small:0px;--awb-font-size:20px;\"><h2 class=\"fusion-title-heading title-heading-center fusion-responsive-typography-calculated\" style=\"margin:0;font-size:1em;--fontSize:20;--minFontSize:20;line-height:1.5;\"><\/h2><\/div><\/div><\/div><\/div><\/div><div class=\"fusion-fullwidth fullwidth-box fusion-builder-row-2 fusion-flex-container nonhundred-percent-fullwidth non-hundred-percent-height-scrolling\" style=\"--awb-border-radius-top-left:0px;--awb-border-radius-top-right:0px;--awb-border-radius-bottom-right:0px;--awb-border-radius-bottom-left:0px;--awb-padding-top:0px;--awb-padding-bottom:6%;--awb-background-color:#ffffff;--awb-flex-wrap:wrap;\" ><div class=\"fusion-builder-row fusion-row fusion-flex-align-items-flex-start fusion-flex-content-wrap\" style=\"max-width:1216.8px;margin-left: calc(-4% \/ 2 );margin-right: calc(-4% \/ 2 );\"><div class=\"fusion-layout-column fusion_builder_column fusion-builder-column-1 fusion_builder_column_1_1 1_1 fusion-flex-column fusion-flex-align-self-flex-start fusion-column-no-min-height fusion-animated\" style=\"--awb-padding-right:15%;--awb-padding-left:15%;--awb-bg-size:cover;--awb-width-large:100%;--awb-margin-top-large:0px;--awb-spacing-right-large:1.92%;--awb-margin-bottom-large:45px;--awb-spacing-left-large:1.92%;--awb-width-medium:100%;--awb-spacing-right-medium:1.92%;--awb-spacing-left-medium:1.92%;--awb-width-small:100%;--awb-spacing-right-small:1.92%;--awb-spacing-left-small:1.92%;\" data-animationtype=\"fadeInDown\" data-animationduration=\"1.0\" data-animationoffset=\"top-into-view\"><div class=\"fusion-column-wrapper fusion-column-has-shadow fusion-flex-justify-content-flex-start fusion-content-layout-column\"><div class=\"fusion-title title fusion-title-3 fusion-sep-none fusion-title-center fusion-title-text fusion-title-size-two\" style=\"--awb-text-color:#46b1fd;--awb-margin-bottom:0px;--awb-margin-top-small:0px;--awb-margin-right-small:0px;--awb-margin-bottom-small:0px;--awb-margin-left-small:0px;--awb-font-size:20px;\"><h2 class=\"fusion-title-heading title-heading-center fusion-responsive-typography-calculated\" style=\"margin:0;font-size:1em;--fontSize:20;--minFontSize:20;line-height:1.5;\"><strong>POSTULER AUJOURD&#039;HUI<\/strong><\/h2><\/div><div class=\"fusion-text fusion-text-1\"><p>La Fondation autochtone de l\u2019espoir est une organisation caritative nationale dirig\u00e9e par des Autochtones, fond\u00e9e en 2000 dans le but d'\u00e9duquer et de sensibiliser \u00e0 l'histoire et aux nombreux impacts du R\u00e9gime des pensionnats indiens. Cela inclut d'enseigner aux gens les impacts directs et continus sur les Survivants des Premi\u00e8res Nations, les M\u00e9tis et les Inuits, leurs familles et leurs communaut\u00e9s afin de faire conna\u00eetre l'histoire des peuples autochtones au Canada, y compris les histoires d'injustice.<\/p>\n<p>Notre mission est de d\u00e9velopper la compr\u00e9hension et l'empathie et d'inspirer une r\u00e9flexion personnelle et des engagements personnels pour prendre des mesures qui cr\u00e9eront des relations respectueuses et \u00e9gales visant \u00e0 gu\u00e9rir et \u00e0 favoriser la R\u00e9conciliation. FAE met en \u00e9vidence la richesse des cultures, la r\u00e9silience et la force et les nombreuses contributions des peuples Autochtones au Canada.<\/p>\n<p>FAE travaille en partenariat avec les Premi\u00e8res Nations, les M\u00e9tis et les Inuits, les communaut\u00e9s et les organisations, ainsi qu'avec les agences gouvernementales, les fondations, les \u00e9tablissements d'enseignement et autres \u00e0 travers le pays pour d\u00e9velopper du mat\u00e9riel \u00e9ducatif, des projets de comm\u00e9moration et des initiatives de recherche qui soutiennent notre mission.<\/p>\n<p>The Legacy of Hope Foundation\u2019s vision for Canada is that informed, capable, and respectful people live as equals in a mutually beneficial, caring, dignified, and just relationship of Reconciliation, for a brighter future of all.<\/p>\n<\/div><\/div><\/div><div class=\"fusion-layout-column fusion_builder_column fusion-builder-column-2 fusion_builder_column_1_2 1_2 fusion-flex-column fusion-animated\" style=\"--awb-bg-size:cover;--awb-width-large:50%;--awb-margin-top-large:0px;--awb-spacing-right-large:3.84%;--awb-margin-bottom-large:0px;--awb-spacing-left-large:3.84%;--awb-width-medium:50%;--awb-spacing-right-medium:3.84%;--awb-spacing-left-medium:3.84%;--awb-width-small:100%;--awb-spacing-right-small:1.92%;--awb-spacing-left-small:1.92%;\" data-animationtype=\"fadeInLeft\" data-animationduration=\"0.5\" data-animationoffset=\"top-into-view\"><div class=\"fusion-column-wrapper fusion-column-has-shadow fusion-flex-justify-content-flex-start fusion-content-layout-column\"><div class=\"fusion-title title fusion-title-4 fusion-sep-none fusion-title-text fusion-title-size-four\" style=\"--awb-margin-bottom:10px;--awb-margin-top-small:0px;--awb-margin-right-small:0px;--awb-margin-bottom-small:10px;--awb-margin-left-small:0px;\"><h4 class=\"fusion-title-heading title-heading-left fusion-responsive-typography-calculated\" style=\"margin:0;--fontSize:20;--minFontSize:20;line-height:1.5;\"><p style=\"text-align: center;\">Postes de bureau<\/p><\/h4><\/div><div class=\"fusion-separator fusion-full-width-sep\" style=\"align-self: center;margin-left: auto;margin-right: auto;margin-bottom:30px;width:100%;\"><div class=\"fusion-separator-border sep-single sep-solid\" style=\"--awb-height:20px;--awb-amount:20px;--awb-sep-color:#46b1fd;border-color:#46b1fd;border-top-width:3px;\"><\/div><\/div><div class=\"accordian fusion-accordian\" style=\"--awb-border-size:1px;--awb-icon-size:13px;--awb-content-font-size:16px;--awb-icon-alignment:left;--awb-hover-color:#f9f9f9;--awb-border-color:#cccccc;--awb-background-color:#ffffff;--awb-divider-color:#e0dede;--awb-divider-hover-color:#e0dede;--awb-icon-color:#ffffff;--awb-title-color:#d39400;--awb-content-color:#5c6668;--awb-icon-box-color:#333333;--awb-toggle-hover-accent-color:#f63c81;--awb-title-font-family:&quot;Montserrat&quot;;--awb-title-font-weight:400;--awb-title-font-style:normal;--awb-title-font-size:20px;--awb-content-font-family:&quot;Raleway&quot;;--awb-content-font-style:normal;--awb-content-font-weight:400;\"><div class=\"panel-group fusion-toggle-icon-boxed\" id=\"accordion-61-1\"><div class=\"fusion-panel panel-default panel-a3a56c7d662e9f330 fusion-toggle-has-divider\"><div class=\"panel-heading\"><h4 class=\"panel-title toggle\" id=\"toggle_a3a56c7d662e9f330\"><a class=\"active\" aria-expanded=\"true\" aria-controls=\"a3a56c7d662e9f330\" role=\"button\" data-toggle=\"collapse\" data-parent=\"#accordion-61-1\" data-target=\"#a3a56c7d662e9f330\" href=\"#a3a56c7d662e9f330\"><span class=\"fusion-toggle-icon-wrapper\" aria-hidden=\"true\"><i class=\"fa-fusion-box active-icon awb-icon-minus\" aria-hidden=\"true\"><\/i><i class=\"fa-fusion-box inactive-icon awb-icon-plus\" aria-hidden=\"true\"><\/i><\/span><span class=\"fusion-toggle-heading\">Summer Position - Multimedia Developer<\/span><\/a><\/h4><\/div><div id=\"a3a56c7d662e9f330\" class=\"panel-collapse collapse in\" aria-labelledby=\"toggle_a3a56c7d662e9f330\"><div class=\"panel-body toggle-content fusion-clearfix\">\n<p><a href=\"https:\/\/legacyofhope.ca\/2025\/06\/multimediadeveloper\/\">Content Creation: Design, develop, and edit multimedia assets, including graphics, videos, animations, and interactive content, for use across web, social media, and presentations.<\/a><\/p>\n<\/div><\/div><\/div><\/div><\/div><\/div><\/div><div class=\"fusion-layout-column fusion_builder_column fusion-builder-column-3 fusion_builder_column_1_2 1_2 fusion-flex-column fusion-animated\" style=\"--awb-bg-size:cover;--awb-width-large:50%;--awb-margin-top-large:0px;--awb-spacing-right-large:3.84%;--awb-margin-bottom-large:0px;--awb-spacing-left-large:3.84%;--awb-width-medium:50%;--awb-spacing-right-medium:3.84%;--awb-spacing-left-medium:3.84%;--awb-width-small:100%;--awb-spacing-right-small:1.92%;--awb-spacing-left-small:1.92%;\" data-animationtype=\"fadeInUp\" data-animationduration=\"0.5\" data-animationoffset=\"top-into-view\"><div class=\"fusion-column-wrapper fusion-column-has-shadow fusion-flex-justify-content-flex-start fusion-content-layout-column\"><div class=\"fusion-title title fusion-title-5 fusion-sep-none fusion-title-text fusion-title-size-four\" style=\"--awb-margin-bottom:10px;--awb-margin-top-small:0px;--awb-margin-right-small:0px;--awb-margin-bottom-small:10px;--awb-margin-left-small:0px;\"><h4 class=\"fusion-title-heading title-heading-left fusion-responsive-typography-calculated\" style=\"margin:0;--fontSize:20;--minFontSize:20;line-height:1.5;\">Positions de b\u00e9n\u00e9voles<\/h4><\/div><div class=\"fusion-separator fusion-full-width-sep\" style=\"align-self: center;margin-left: auto;margin-right: auto;margin-bottom:30px;width:100%;\"><div class=\"fusion-separator-border sep-single sep-solid\" style=\"--awb-height:20px;--awb-amount:20px;--awb-sep-color:#f63c81;border-color:#f63c81;border-top-width:3px;\"><\/div><\/div><div class=\"accordian fusion-accordian\" style=\"--awb-border-size:1px;--awb-icon-size:13px;--awb-content-font-size:16px;--awb-icon-alignment:left;--awb-hover-color:#f9f9f9;--awb-border-color:#cccccc;--awb-background-color:#ffffff;--awb-divider-color:#e0dede;--awb-divider-hover-color:#e0dede;--awb-icon-color:#ffffff;--awb-title-color:#d39400;--awb-content-color:#5c6668;--awb-icon-box-color:#333333;--awb-toggle-hover-accent-color:#f63c81;--awb-title-font-family:&quot;Montserrat&quot;;--awb-title-font-weight:400;--awb-title-font-style:normal;--awb-title-font-size:20px;--awb-content-font-family:&quot;Raleway&quot;;--awb-content-font-style:normal;--awb-content-font-weight:400;\"><div class=\"panel-group fusion-toggle-icon-boxed\" id=\"accordion-61-2\"><div class=\"fusion-panel panel-default panel-613ddfd7391090d09 fusion-toggle-has-divider\"><div class=\"panel-heading\"><h4 class=\"panel-title toggle\" id=\"toggle_613ddfd7391090d09\"><a class=\"active\" aria-expanded=\"true\" aria-controls=\"613ddfd7391090d09\" role=\"button\" data-toggle=\"collapse\" data-parent=\"#accordion-61-2\" data-target=\"#613ddfd7391090d09\" href=\"#613ddfd7391090d09\"><span class=\"fusion-toggle-icon-wrapper\" aria-hidden=\"true\"><i class=\"fa-fusion-box active-icon awb-icon-minus\" aria-hidden=\"true\"><\/i><i class=\"fa-fusion-box inactive-icon awb-icon-plus\" aria-hidden=\"true\"><\/i><\/span><span class=\"fusion-toggle-heading\">Membre du conseil<\/span><\/a><\/h4><\/div><div id=\"613ddfd7391090d09\" class=\"panel-collapse collapse in\" aria-labelledby=\"toggle_613ddfd7391090d09\"><div class=\"panel-body toggle-content fusion-clearfix\">\n<p><a href=\"https:\/\/legacyofhope.ca\/2024\/10\/lhfboardvolunteer\/\" target=\"_blank\" rel=\"noopener\">Le Conseil d'administration assure la direction strat\u00e9gique et supervise les op\u00e9rations financi\u00e8res de la Fondation. En plus des affaires courantes, notre conseil d'administration participera, dans les ann\u00e9es \u00e0 venir, \u00e0 des initiatives passionnantes.<\/a><\/p>\n<\/div><\/div><\/div><\/div><\/div><\/div><\/div><\/div><\/div><\/p>","protected":false},"excerpt":{"rendered":"","protected":false},"author":1,"featured_media":0,"parent":0,"menu_order":0,"comment_status":"closed","ping_status":"closed","template":"100-width.php","meta":{"_acf_changed":false,"footnotes":""},"class_list":["post-61","page","type-page","status-publish","hentry"],"acf":[],"yoast_head":"<!-- This site is optimized with the Yoast SEO plugin v27.3 - https:\/\/yoast.com\/product\/yoast-seo-wordpress\/ -->\n<title>Careers - Legacy of Hope Foundation<\/title>\n<meta name=\"robots\" content=\"index, follow, max-snippet:-1, max-image-preview:large, max-video-preview:-1\" \/>\n<link rel=\"canonical\" href=\"https:\/\/legacyofhope.ca\/fr\/english__trashed\/careers\/\" \/>\n<meta property=\"og:locale\" content=\"fr_CA\" \/>\n<meta property=\"og:type\" content=\"article\" \/>\n<meta property=\"og:title\" content=\"Careers - Legacy of Hope Foundation\" \/>\n<meta property=\"og:url\" content=\"https:\/\/legacyofhope.ca\/fr\/english__trashed\/careers\/\" \/>\n<meta property=\"og:site_name\" content=\"Legacy of Hope Foundation\" \/>\n<meta property=\"article:publisher\" content=\"https:\/\/www.facebook.com\/legacyofhopefound\" \/>\n<meta property=\"article:modified_time\" content=\"2025-06-10T15:36:54+00:00\" \/>\n<meta name=\"twitter:card\" content=\"summary_large_image\" \/>\n<meta name=\"twitter:site\" content=\"@legacyhopefound\" \/>\n<meta name=\"twitter:label1\" content=\"Estimation du temps de lecture\" \/>\n\t<meta name=\"twitter:data1\" content=\"5 minutes\" \/>\n<script type=\"application\/ld+json\" class=\"yoast-schema-graph\">{\"@context\":\"https:\\\/\\\/schema.org\",\"@graph\":[{\"@type\":\"WebPage\",\"@id\":\"https:\\\/\\\/legacyofhope.ca\\\/english__trashed\\\/careers\\\/\",\"url\":\"https:\\\/\\\/legacyofhope.ca\\\/english__trashed\\\/careers\\\/\",\"name\":\"Careers - Legacy of Hope Foundation\",\"isPartOf\":{\"@id\":\"https:\\\/\\\/legacyofhope.ca\\\/#website\"},\"datePublished\":\"2019-08-16T16:44:58+00:00\",\"dateModified\":\"2025-06-10T15:36:54+00:00\",\"breadcrumb\":{\"@id\":\"https:\\\/\\\/legacyofhope.ca\\\/english__trashed\\\/careers\\\/#breadcrumb\"},\"inLanguage\":\"fr-CA\",\"potentialAction\":[{\"@type\":\"ReadAction\",\"target\":[\"https:\\\/\\\/legacyofhope.ca\\\/english__trashed\\\/careers\\\/\"]}]},{\"@type\":\"BreadcrumbList\",\"@id\":\"https:\\\/\\\/legacyofhope.ca\\\/english__trashed\\\/careers\\\/#breadcrumb\",\"itemListElement\":[{\"@type\":\"ListItem\",\"position\":1,\"name\":\"Home\",\"item\":\"https:\\\/\\\/legacyofhope.ca\\\/\"},{\"@type\":\"ListItem\",\"position\":2,\"name\":\"Careers\"}]},{\"@type\":\"WebSite\",\"@id\":\"https:\\\/\\\/legacyofhope.ca\\\/#website\",\"url\":\"https:\\\/\\\/legacyofhope.ca\\\/\",\"name\":\"Legacy of Hope Foundation\",\"description\":\"Indigenous-led charitable organization\",\"publisher\":{\"@id\":\"https:\\\/\\\/legacyofhope.ca\\\/#organization\"},\"potentialAction\":[{\"@type\":\"SearchAction\",\"target\":{\"@type\":\"EntryPoint\",\"urlTemplate\":\"https:\\\/\\\/legacyofhope.ca\\\/?s={search_term_string}\"},\"query-input\":{\"@type\":\"PropertyValueSpecification\",\"valueRequired\":true,\"valueName\":\"search_term_string\"}}],\"inLanguage\":\"fr-CA\"},{\"@type\":\"Organization\",\"@id\":\"https:\\\/\\\/legacyofhope.ca\\\/#organization\",\"name\":\"Legacy of Hope Foundation\",\"url\":\"https:\\\/\\\/legacyofhope.ca\\\/\",\"logo\":{\"@type\":\"ImageObject\",\"inLanguage\":\"fr-CA\",\"@id\":\"https:\\\/\\\/legacyofhope.ca\\\/#\\\/schema\\\/logo\\\/image\\\/\",\"url\":\"https:\\\/\\\/i0.wp.com\\\/legacyofhope.ca\\\/wp-content\\\/uploads\\\/2023\\\/04\\\/LHF-Logo-English-Cropped-scaled.jpeg?fit=2560%2C1251&ssl=1\",\"contentUrl\":\"https:\\\/\\\/i0.wp.com\\\/legacyofhope.ca\\\/wp-content\\\/uploads\\\/2023\\\/04\\\/LHF-Logo-English-Cropped-scaled.jpeg?fit=2560%2C1251&ssl=1\",\"width\":2560,\"height\":1251,\"caption\":\"Legacy of Hope Foundation\"},\"image\":{\"@id\":\"https:\\\/\\\/legacyofhope.ca\\\/#\\\/schema\\\/logo\\\/image\\\/\"},\"sameAs\":[\"https:\\\/\\\/www.facebook.com\\\/legacyofhopefound\",\"https:\\\/\\\/x.com\\\/legacyhopefound\",\"https:\\\/\\\/www.youtube.com\\\/@LegacyofHopeFoundation\"]}]}<\/script>\n<!-- \/ Yoast SEO plugin. -->","yoast_head_json":{"title":"Careers - Legacy of Hope Foundation","robots":{"index":"index","follow":"follow","max-snippet":"max-snippet:-1","max-image-preview":"max-image-preview:large","max-video-preview":"max-video-preview:-1"},"canonical":"https:\/\/legacyofhope.ca\/fr\/english__trashed\/careers\/","og_locale":"fr_CA","og_type":"article","og_title":"Careers - Legacy of Hope Foundation","og_url":"https:\/\/legacyofhope.ca\/fr\/english__trashed\/careers\/","og_site_name":"Legacy of Hope Foundation","article_publisher":"https:\/\/www.facebook.com\/legacyofhopefound","article_modified_time":"2025-06-10T15:36:54+00:00","twitter_card":"summary_large_image","twitter_site":"@legacyhopefound","twitter_misc":{"Estimation du temps de lecture":"5 minutes"},"schema":{"@context":"https:\/\/schema.org","@graph":[{"@type":"WebPage","@id":"https:\/\/legacyofhope.ca\/english__trashed\/careers\/","url":"https:\/\/legacyofhope.ca\/english__trashed\/careers\/","name":"Careers - Legacy of Hope Foundation","isPartOf":{"@id":"https:\/\/legacyofhope.ca\/#website"},"datePublished":"2019-08-16T16:44:58+00:00","dateModified":"2025-06-10T15:36:54+00:00","breadcrumb":{"@id":"https:\/\/legacyofhope.ca\/english__trashed\/careers\/#breadcrumb"},"inLanguage":"fr-CA","potentialAction":[{"@type":"ReadAction","target":["https:\/\/legacyofhope.ca\/english__trashed\/careers\/"]}]},{"@type":"BreadcrumbList","@id":"https:\/\/legacyofhope.ca\/english__trashed\/careers\/#breadcrumb","itemListElement":[{"@type":"ListItem","position":1,"name":"Home","item":"https:\/\/legacyofhope.ca\/"},{"@type":"ListItem","position":2,"name":"Careers"}]},{"@type":"WebSite","@id":"https:\/\/legacyofhope.ca\/#website","url":"https:\/\/legacyofhope.ca\/","name":"Fondation autochtone de l\u2019espoir","description":"Organisme de bienfaisance dirig\u00e9 par des Autochtones","publisher":{"@id":"https:\/\/legacyofhope.ca\/#organization"},"potentialAction":[{"@type":"SearchAction","target":{"@type":"EntryPoint","urlTemplate":"https:\/\/legacyofhope.ca\/?s={search_term_string}"},"query-input":{"@type":"PropertyValueSpecification","valueRequired":true,"valueName":"search_term_string"}}],"inLanguage":"fr-CA"},{"@type":"Organization","@id":"https:\/\/legacyofhope.ca\/#organization","name":"Fondation autochtone de l\u2019espoir","url":"https:\/\/legacyofhope.ca\/","logo":{"@type":"ImageObject","inLanguage":"fr-CA","@id":"https:\/\/legacyofhope.ca\/#\/schema\/logo\/image\/","url":"https:\/\/i0.wp.com\/legacyofhope.ca\/wp-content\/uploads\/2023\/04\/LHF-Logo-English-Cropped-scaled.jpeg?fit=2560%2C1251&ssl=1","contentUrl":"https:\/\/i0.wp.com\/legacyofhope.ca\/wp-content\/uploads\/2023\/04\/LHF-Logo-English-Cropped-scaled.jpeg?fit=2560%2C1251&ssl=1","width":2560,"height":1251,"caption":"Legacy of Hope Foundation"},"image":{"@id":"https:\/\/legacyofhope.ca\/#\/schema\/logo\/image\/"},"sameAs":["https:\/\/www.facebook.com\/legacyofhopefound","https:\/\/x.com\/legacyhopefound","https:\/\/www.youtube.com\/@LegacyofHopeFoundation"]}]}},"jetpack_sharing_enabled":true,"_links":{"self":[{"href":"https:\/\/legacyofhope.ca\/fr\/wp-json\/wp\/v2\/pages\/61","targetHints":{"allow":["GET"]}}],"collection":[{"href":"https:\/\/legacyofhope.ca\/fr\/wp-json\/wp\/v2\/pages"}],"about":[{"href":"https:\/\/legacyofhope.ca\/fr\/wp-json\/wp\/v2\/types\/page"}],"author":[{"embeddable":true,"href":"https:\/\/legacyofhope.ca\/fr\/wp-json\/wp\/v2\/users\/1"}],"replies":[{"embeddable":true,"href":"https:\/\/legacyofhope.ca\/fr\/wp-json\/wp\/v2\/comments?post=61"}],"version-history":[{"count":5,"href":"https:\/\/legacyofhope.ca\/fr\/wp-json\/wp\/v2\/pages\/61\/revisions"}],"predecessor-version":[{"id":9206,"href":"https:\/\/legacyofhope.ca\/fr\/wp-json\/wp\/v2\/pages\/61\/revisions\/9206"}],"wp:attachment":[{"href":"https:\/\/legacyofhope.ca\/fr\/wp-json\/wp\/v2\/media?parent=61"}],"curies":[{"name":"wp","href":"https:\/\/api.w.org\/{rel}","templated":true}]}}