{"id":5756,"date":"2022-06-01T09:43:55","date_gmt":"2022-06-01T13:43:55","guid":{"rendered":"https:\/\/legacyofhope.ca\/?page_id=5756"},"modified":"2025-07-16T11:30:09","modified_gmt":"2025-07-16T15:30:09","slug":"donate","status":"publish","type":"page","link":"https:\/\/legacyofhope.ca\/fr\/donate\/","title":{"rendered":"Fa\u00eetes un don"},"content":{"rendered":"<div class=\"fusion-fullwidth fullwidth-box fusion-builder-row-1 fusion-flex-container fusion-parallax-fixed nonhundred-percent-fullwidth non-hundred-percent-height-scrolling lazyload\" style=\"--awb-background-position:left top;--awb-border-sizes-top:0px;--awb-border-sizes-bottom:0px;--awb-border-sizes-left:0px;--awb-border-sizes-right:0px;--awb-border-radius-top-left:0px;--awb-border-radius-top-right:0px;--awb-border-radius-bottom-right:0px;--awb-border-radius-bottom-left:0px;--awb-padding-top:0px;--awb-padding-right:0px;--awb-padding-bottom:0px;--awb-padding-left:0px;--awb-background-size:cover;--awb-flex-wrap:wrap;background-attachment:fixed;\" data-bg=\"http:\/\/legacyofhope.ca\/wp-content\/uploads\/2020\/07\/teepee-510233_1920.jpg\" ><div class=\"fusion-builder-row fusion-row fusion-flex-align-items-stretch fusion-flex-content-wrap\" style=\"max-width:calc( 1170px + 0px );margin-left: calc(-0px \/ 2 );margin-right: calc(-0px \/ 2 );\"><div class=\"fusion-layout-column fusion_builder_column fusion-builder-column-0 fusion_builder_column_1_1 1_1 fusion-flex-column\" style=\"--awb-padding-top:40px;--awb-padding-right:10%;--awb-padding-left:10%;--awb-bg-color:rgba(245,245,245,0.83);--awb-bg-color-hover:rgba(245,245,245,0.83);--awb-bg-blend:overlay;--awb-bg-size:cover;--awb-width-large:100%;--awb-margin-top-large:0px;--awb-spacing-right-large:0px;--awb-margin-bottom-large:0px;--awb-spacing-left-large:0px;--awb-width-medium:100%;--awb-spacing-right-medium:0px;--awb-spacing-left-medium:0px;--awb-width-small:100%;--awb-spacing-right-small:0px;--awb-spacing-left-small:0px;\"><div class=\"fusion-column-wrapper fusion-flex-justify-content-center fusion-content-layout-column\"><div class=\"fusion-text fusion-text-1\" style=\"--awb-text-font-family:Arial, Helvetica, sans-serif;--awb-text-font-style:normal;--awb-text-font-weight:400;\"><h4>La Fondation autochtone de l\u2019espoir a d\u00e9j\u00e0 \u00e9duqu\u00e9 et inspir\u00e9 des milliers de personnes \u00e0 travers le Canada et, gr\u00e2ce \u00e0 votre g\u00e9n\u00e9reux soutien, nous atteindrons des milliers d'autres personnes.<\/h4>\n<h4>La Fondation autochtone de l\u2019espoir est une organisation caritative enregistr\u00e9e (863471520RR0001). Des re\u00e7us fiscaux sont \u00e9mis pour les dons.<\/h4>\n<\/div><div class=\"fusion-separator\" style=\"align-self: flex-start;margin-right:auto;margin-top:0px;margin-bottom:40px;width:100%;max-width:200px;\"><div class=\"fusion-separator-border sep-single sep-solid\" style=\"--awb-height:20px;--awb-amount:20px;--awb-sep-color:#fec96b;border-color:#fec96b;border-top-width:3px;\"><\/div><\/div><link rel=\"stylesheet\" href=\"https:\/\/d3n6by2snqaq74.cloudfront.net\/forms\/keela-forms.min.css\" type=\"text\/css\">\n<script async type=\"text\/javascript\" src=\"https:\/\/d3n6by2snqaq74.cloudfront.net\/forms\/keela-forms.min.js\"><\/script>\n<script async>window.Keela = { id: \"9qLi5saHPzHxFtwrZ\" };<\/script>\n<div class=\"keela-embed-form\" data-src=\"https:\/\/give-can.keela.co\/embed\/BAWWZmY4pJ6zYMwaM\">\n    <div class=\"keela-loading\"><div><\/div><div><\/div><div><\/div><div><\/div><\/div>\n<\/div><div class=\"fusion-separator fusion-full-width-sep\" style=\"align-self: center;margin-left: auto;margin-right: auto;margin-top:20px;width:100%;\"><\/div><div class=\"fusion-builder-row fusion-builder-row-inner fusion-row fusion-flex-align-items-stretch fusion-flex-content-wrap\" style=\"--awb-flex-grow:0;--awb-flex-grow-medium:0;--awb-flex-grow-small:0;--awb-flex-shrink:0;--awb-flex-shrink-medium:0;--awb-flex-shrink-small:0;width:calc( 100% + 0px ) !important;max-width:calc( 100% + 0px ) !important;margin-left: calc(-0px \/ 2 );margin-right: calc(-0px \/ 2 );\"><div class=\"fusion-layout-column fusion_builder_column_inner fusion-builder-nested-column-0 fusion_builder_column_inner_1_2 1_2 fusion-flex-column\" style=\"--awb-bg-size:cover;--awb-width-large:50%;--awb-margin-top-large:0px;--awb-spacing-right-large:0px;--awb-margin-bottom-large:0px;--awb-spacing-left-large:0px;--awb-width-medium:50%;--awb-order-medium:0;--awb-spacing-right-medium:0px;--awb-spacing-left-medium:0px;--awb-width-small:100%;--awb-order-small:0;--awb-spacing-right-small:0px;--awb-spacing-left-small:0px;\"><div class=\"fusion-column-wrapper fusion-column-has-shadow fusion-flex-justify-content-flex-start fusion-content-layout-column\"><center><a href=\"https:\/\/revenue-can.keela.co\/revenue-form3\" target=\"_blank\"><button style=\"background: #FF9C23DE; color: #FEF9F3FF; border-radius: 5px; font-family: Arial; font-size: 20px; padding: 10px 20px 10px 20px; text-decoration: none;\">Formulaire de revenus<\/button><\/a><\/div><\/div><\/div><div class=\"fusion-title title fusion-title-1 fusion-sep-none fusion-title-text fusion-title-size-one\" style=\"--awb-margin-top:15px;--awb-margin-top-small:0px;--awb-margin-right-small:0px;--awb-margin-bottom-small:20px;--awb-margin-left-small:0px;\"><h1 class=\"fusion-title-heading title-heading-left fusion-responsive-typography-calculated\" style=\"margin:0;--fontSize:48;line-height:1.1;\"><h3>Autres moyens de faire un don<\/h3><\/h1><\/div><div class=\"fusion-tabs fusion-tabs-1 clean vertical-tabs icon-position-left mobile-mode-accordion\" style=\"--awb-title-border-radius-top-left:0px;--awb-title-border-radius-top-right:0px;--awb-title-border-radius-bottom-right:0px;--awb-title-border-radius-bottom-left:0px;--awb-alignment:center;--awb-inactive-color:#ebeaea;--awb-background-color:#ffffff;--awb-border-color:#ebeaea;--awb-active-border-color:#000a16;\"><div class=\"nav\"><ul class=\"nav-tabs\" role=\"tablist\"><li class=\"active\" role=\"presentation\"><a class=\"tab-link\" data-toggle=\"tab\" role=\"tab\" aria-controls=\"tab-5f69131da9b5395688d\" aria-selected=\"true\" id=\"fusion-tab-bycheque\" href=\"#tab-5f69131da9b5395688d\"><h4 class=\"fusion-tab-heading\">Par ch\u00e8que<\/h4><\/a><\/li><li role=\"presentation\"><a class=\"tab-link\" data-toggle=\"tab\" role=\"tab\" aria-controls=\"tab-d115b8c06865267bb30\" aria-selected=\"false\" tabindex=\"-1\" id=\"fusion-tab-donateacar\" href=\"#tab-d115b8c06865267bb30\"><h4 class=\"fusion-tab-heading\">Donate a Car<\/h4><\/a><\/li><li role=\"presentation\"><a class=\"tab-link\" data-toggle=\"tab\" role=\"tab\" aria-controls=\"tab-f7a6afed2ff8139a8e9\" aria-selected=\"false\" tabindex=\"-1\" id=\"fusion-tab-interace-transfer\" href=\"#tab-f7a6afed2ff8139a8e9\"><h4 class=\"fusion-tab-heading\">Virement Interac<\/h4><\/a><\/li><li role=\"presentation\"><a class=\"tab-link\" data-toggle=\"tab\" role=\"tab\" aria-controls=\"tab-47caa5fc34d334b70ea\" aria-selected=\"false\" tabindex=\"-1\" id=\"fusion-tab-byphone\" href=\"#tab-47caa5fc34d334b70ea\"><h4 class=\"fusion-tab-heading\">Par t\u00e9l\u00e9phone<\/h4><\/a><\/li><li role=\"presentation\"><a class=\"tab-link\" data-toggle=\"tab\" role=\"tab\" aria-controls=\"tab-5a14053fd1af8a37b04\" aria-selected=\"false\" tabindex=\"-1\" id=\"fusion-tab-paypalgivingfundcanada\" href=\"#tab-5a14053fd1af8a37b04\"><h4 class=\"fusion-tab-heading\">PayPal Giving Fund Canada<\/h4><\/a><\/li><li role=\"presentation\"><a class=\"tab-link\" data-toggle=\"tab\" role=\"tab\" aria-controls=\"tab-c0f52f9f7256d4722df\" aria-selected=\"false\" tabindex=\"-1\" id=\"fusion-tab-canadahelps\" href=\"#tab-c0f52f9f7256d4722df\"><h4 class=\"fusion-tab-heading\">CanadaHelps<\/h4><\/a><\/li><\/ul><\/div><div class=\"tab-content\"><div class=\"nav fusion-mobile-tab-nav\"><ul class=\"nav-tabs\" role=\"tablist\"><li class=\"active\" role=\"presentation\"><a class=\"tab-link\" data-toggle=\"tab\" role=\"tab\" aria-controls=\"tab-5f69131da9b5395688d\" aria-selected=\"true\" id=\"mobile-fusion-tab-bycheque\" href=\"#tab-5f69131da9b5395688d\"><h4 class=\"fusion-tab-heading\">Par ch\u00e8que<\/h4><\/a><\/li><\/ul><\/div><div class=\"tab-pane fade fusion-clearfix in active\" role=\"tabpanel\" tabindex=\"0\" aria-labelledby=\"fusion-tab-bycheque\" id=\"tab-5f69131da9b5395688d\">\n<p><span style=\"color: #000000;\">Ch\u00e8que \u00e0 l'ordre de la Fondation Autochtone de l\u2019espoir. Veuillez le poster \u00e0 l'adresse suivante : 1427, chemin Ogilvie, bureau 4B, Gloucester (Ontario) K1J 8M7<\/span><\/p>\n<\/div><div class=\"nav fusion-mobile-tab-nav\"><ul class=\"nav-tabs\" role=\"tablist\"><li role=\"presentation\"><a class=\"tab-link\" data-toggle=\"tab\" role=\"tab\" aria-controls=\"tab-d115b8c06865267bb30\" aria-selected=\"false\" tabindex=\"-1\" id=\"mobile-fusion-tab-donateacar\" href=\"#tab-d115b8c06865267bb30\"><h4 class=\"fusion-tab-heading\">Donate a Car<\/h4><\/a><\/li><\/ul><\/div><div class=\"tab-pane fade fusion-clearfix\" role=\"tabpanel\" tabindex=\"0\" aria-labelledby=\"fusion-tab-donateacar\" id=\"tab-d115b8c06865267bb30\">\n<p><span style=\"font-weight: 400;\">Donate a Car Canada accepts <\/span><a href=\"https:\/\/donatecar.ca\/org\/donate.php?charitypage=LegacyofHopeFoundation\"><span style=\"font-weight: 400;\">Vehicle Donations<\/span><\/a><span style=\"font-weight: 400;\"> for <\/span><span style=\"font-weight: 400;\">Fondation autochtone de l\u2019espoir<\/span><span style=\"font-weight: 400;\">. Free towing is provided in most areas across Canada, or you can drop off your vehicle to maximize your donation. When you donate your car, truck, RV, boat, or motorcycle to <\/span><span style=\"font-weight: 400;\">Fondation autochtone de l\u2019espoir<\/span><span style=\"font-weight: 400;\"> through <\/span><a href=\"https:\/\/donatecar.ca\/org\/donate.php\"><span style=\"font-weight: 400;\">Donate A Car Canada<\/span><\/a><span style=\"font-weight: 400;\">, it will either be recycled or sold at auction (depending on its condition, age and location). Donate a Car Canada will look after all the details to make it easy for <\/span><span style=\"font-weight: 400;\">Fondation autochtone de l\u2019espoir <\/span><span style=\"font-weight: 400;\">to benefit. After your vehicle donation is complete, you will receive a tax receipt and we will put your gift to good use. Please click <\/span><a href=\"https:\/\/donatecar.ca\/org\/donate.php?charitypage=LegacyofHopeFoundation\"><b>ici<\/b><\/a><span style=\"font-weight: 400;\"> to donate a vehicle.<\/span><\/p>\n<\/div><div class=\"nav fusion-mobile-tab-nav\"><ul class=\"nav-tabs\" role=\"tablist\"><li role=\"presentation\"><a class=\"tab-link\" data-toggle=\"tab\" role=\"tab\" aria-controls=\"tab-f7a6afed2ff8139a8e9\" aria-selected=\"false\" tabindex=\"-1\" id=\"mobile-fusion-tab-interace-transfer\" href=\"#tab-f7a6afed2ff8139a8e9\"><h4 class=\"fusion-tab-heading\">Virement Interac<\/h4><\/a><\/li><\/ul><\/div><div class=\"tab-pane fade fusion-clearfix\" role=\"tabpanel\" tabindex=\"0\" aria-labelledby=\"fusion-tab-interace-transfer\" id=\"tab-f7a6afed2ff8139a8e9\">\n<p><span style=\"color: #000000;\">Transf\u00e9rez vos dons par voie \u00e9lectronique \u00e0:<\/span> <a href=\"mailto:donations@legacyofhope.ca\" target=\"_blank\" rel=\"noopener\">donations@legacyofhope.ca<\/a>.<\/p>\n<\/div><div class=\"nav fusion-mobile-tab-nav\"><ul class=\"nav-tabs\" role=\"tablist\"><li role=\"presentation\"><a class=\"tab-link\" data-toggle=\"tab\" role=\"tab\" aria-controls=\"tab-47caa5fc34d334b70ea\" aria-selected=\"false\" tabindex=\"-1\" id=\"mobile-fusion-tab-byphone\" href=\"#tab-47caa5fc34d334b70ea\"><h4 class=\"fusion-tab-heading\">Par t\u00e9l\u00e9phone<\/h4><\/a><\/li><\/ul><\/div><div class=\"tab-pane fade fusion-clearfix\" role=\"tabpanel\" tabindex=\"0\" aria-labelledby=\"fusion-tab-byphone\" id=\"tab-47caa5fc34d334b70ea\">\n<p dir=\"ltr\"><span style=\"; color: #000000;\">Please call our Donations Officer, Shannon MacMillan at <strong>613-237-4806 ext. 304<\/strong>&nbsp;pour traiter votre paiement par carte de cr\u00e9dit par t\u00e9l\u00e9phone. Nous acceptons MasterCard et Visa.<\/span><\/p>\n<p><span style=\"font-family: arial, sans-serif;\">&nbsp;<\/span><\/p>\n<\/div><div class=\"nav fusion-mobile-tab-nav\"><ul class=\"nav-tabs\" role=\"tablist\"><li role=\"presentation\"><a class=\"tab-link\" data-toggle=\"tab\" role=\"tab\" aria-controls=\"tab-5a14053fd1af8a37b04\" aria-selected=\"false\" tabindex=\"-1\" id=\"mobile-fusion-tab-paypalgivingfundcanada\" href=\"#tab-5a14053fd1af8a37b04\"><h4 class=\"fusion-tab-heading\">PayPal Giving Fund Canada<\/h4><\/a><\/li><\/ul><\/div><div class=\"tab-pane fade fusion-clearfix\" role=\"tabpanel\" tabindex=\"0\" aria-labelledby=\"fusion-tab-paypalgivingfundcanada\" id=\"tab-5a14053fd1af8a37b04\">\n<p><span style=\"color: #000000;\">100% des dons effectu\u00e9s par l'interm\u00e9diaire de PayPal Giving Fund Canada vont \u00e0 l'organisme de bienfaisance, sans d\u00e9duction, sans frais. Veuillez utiliser le lien direct suivant vers notre organisme de bienfaisance via PayPal:<\/span> <a href=\"https:\/\/www.paypal.com\/ca\/fundraiser\/charity\/3447316\" target=\"_blank\" rel=\"noopener\" data-saferedirecturl=\"https:\/\/www.google.com\/url?q=https:\/\/www.paypal.com\/ca\/fundraiser\/charity\/3447316&amp;source=gmail&amp;ust=1654175542069000&amp;usg=AOvVaw3GuitmU26zVm6vyDlzhHLl\">https:\/\/www.paypal.com\/ca\/<wbr \/>fundraiser\/charity\/3447316<\/a>.<\/p>\n<\/div><div class=\"nav fusion-mobile-tab-nav\"><ul class=\"nav-tabs\" role=\"tablist\"><li role=\"presentation\"><a class=\"tab-link\" data-toggle=\"tab\" role=\"tab\" aria-controls=\"tab-c0f52f9f7256d4722df\" aria-selected=\"false\" tabindex=\"-1\" id=\"mobile-fusion-tab-canadahelps\" href=\"#tab-c0f52f9f7256d4722df\"><h4 class=\"fusion-tab-heading\">CanadaHelps<\/h4><\/a><\/li><\/ul><\/div><div class=\"tab-pane fade fusion-clearfix\" role=\"tabpanel\" tabindex=\"0\" aria-labelledby=\"fusion-tab-canadahelps\" id=\"tab-c0f52f9f7256d4722df\">\n<p><span style=\"color: #000000;\">Vous pouvez faire un don par l'interm\u00e9diaire de CanaDon en utilisant le lien suivant:<\/span> <a href=\"https:\/\/www.canadahelps.org\/fr\/dn\/9351\/?v1=true\">https:\/\/www.canadahelps.org\/fr\/dn\/9351\/?v1=true<\/a><\/p>\n<\/div><\/div><\/div><\/div><\/div><\/div><\/div>","protected":false},"excerpt":{"rendered":"","protected":false},"author":1,"featured_media":5774,"parent":0,"menu_order":0,"comment_status":"closed","ping_status":"closed","template":"100-width.php","meta":{"_acf_changed":false,"footnotes":""},"class_list":["post-5756","page","type-page","status-publish","has-post-thumbnail","hentry"],"acf":[],"yoast_head":"<!-- This site is optimized with the Yoast SEO plugin v27.3 - https:\/\/yoast.com\/product\/yoast-seo-wordpress\/ -->\n<title>Donate - Legacy of Hope Foundation<\/title>\n<meta name=\"robots\" content=\"index, follow, max-snippet:-1, max-image-preview:large, max-video-preview:-1\" \/>\n<link rel=\"canonical\" href=\"https:\/\/legacyofhope.ca\/fr\/donate\/\" \/>\n<meta property=\"og:locale\" content=\"fr_CA\" \/>\n<meta property=\"og:type\" content=\"article\" \/>\n<meta property=\"og:title\" content=\"Donate - Legacy of Hope Foundation\" \/>\n<meta property=\"og:url\" content=\"https:\/\/legacyofhope.ca\/fr\/donate\/\" \/>\n<meta property=\"og:site_name\" content=\"Legacy of Hope Foundation\" \/>\n<meta property=\"article:publisher\" content=\"https:\/\/www.facebook.com\/legacyofhopefound\" \/>\n<meta property=\"article:modified_time\" content=\"2025-07-16T15:30:09+00:00\" \/>\n<meta property=\"og:image\" content=\"https:\/\/legacyofhope.ca\/wp-content\/uploads\/2022\/06\/pexels-liza-summer-6348119-scaled.jpg\" \/>\n\t<meta property=\"og:image:width\" content=\"1707\" \/>\n\t<meta property=\"og:image:height\" content=\"2560\" \/>\n\t<meta property=\"og:image:type\" content=\"image\/jpeg\" \/>\n<meta name=\"twitter:card\" content=\"summary_large_image\" \/>\n<meta name=\"twitter:site\" content=\"@legacyhopefound\" \/>\n<meta name=\"twitter:label1\" content=\"Estimation du temps de lecture\" \/>\n\t<meta name=\"twitter:data1\" content=\"5 minutes\" \/>\n<script type=\"application\/ld+json\" class=\"yoast-schema-graph\">{\"@context\":\"https:\\\/\\\/schema.org\",\"@graph\":[{\"@type\":\"WebPage\",\"@id\":\"https:\\\/\\\/legacyofhope.ca\\\/donate\\\/\",\"url\":\"https:\\\/\\\/legacyofhope.ca\\\/donate\\\/\",\"name\":\"Donate - Legacy of Hope Foundation\",\"isPartOf\":{\"@id\":\"https:\\\/\\\/legacyofhope.ca\\\/#website\"},\"primaryImageOfPage\":{\"@id\":\"https:\\\/\\\/legacyofhope.ca\\\/donate\\\/#primaryimage\"},\"image\":{\"@id\":\"https:\\\/\\\/legacyofhope.ca\\\/donate\\\/#primaryimage\"},\"thumbnailUrl\":\"https:\\\/\\\/i0.wp.com\\\/legacyofhope.ca\\\/wp-content\\\/uploads\\\/2022\\\/06\\\/pexels-liza-summer-6348119-scaled.jpg?fit=1707%2C2560&ssl=1\",\"datePublished\":\"2022-06-01T13:43:55+00:00\",\"dateModified\":\"2025-07-16T15:30:09+00:00\",\"breadcrumb\":{\"@id\":\"https:\\\/\\\/legacyofhope.ca\\\/donate\\\/#breadcrumb\"},\"inLanguage\":\"fr-CA\",\"potentialAction\":[{\"@type\":\"ReadAction\",\"target\":[\"https:\\\/\\\/legacyofhope.ca\\\/donate\\\/\"]}]},{\"@type\":\"ImageObject\",\"inLanguage\":\"fr-CA\",\"@id\":\"https:\\\/\\\/legacyofhope.ca\\\/donate\\\/#primaryimage\",\"url\":\"https:\\\/\\\/i0.wp.com\\\/legacyofhope.ca\\\/wp-content\\\/uploads\\\/2022\\\/06\\\/pexels-liza-summer-6348119-scaled.jpg?fit=1707%2C2560&ssl=1\",\"contentUrl\":\"https:\\\/\\\/i0.wp.com\\\/legacyofhope.ca\\\/wp-content\\\/uploads\\\/2022\\\/06\\\/pexels-liza-summer-6348119-scaled.jpg?fit=1707%2C2560&ssl=1\",\"width\":1707,\"height\":2560},{\"@type\":\"BreadcrumbList\",\"@id\":\"https:\\\/\\\/legacyofhope.ca\\\/donate\\\/#breadcrumb\",\"itemListElement\":[{\"@type\":\"ListItem\",\"position\":1,\"name\":\"Home\",\"item\":\"https:\\\/\\\/legacyofhope.ca\\\/\"},{\"@type\":\"ListItem\",\"position\":2,\"name\":\"Donate\"}]},{\"@type\":\"WebSite\",\"@id\":\"https:\\\/\\\/legacyofhope.ca\\\/#website\",\"url\":\"https:\\\/\\\/legacyofhope.ca\\\/\",\"name\":\"Legacy of Hope Foundation\",\"description\":\"Indigenous-led charitable organization\",\"publisher\":{\"@id\":\"https:\\\/\\\/legacyofhope.ca\\\/#organization\"},\"potentialAction\":[{\"@type\":\"SearchAction\",\"target\":{\"@type\":\"EntryPoint\",\"urlTemplate\":\"https:\\\/\\\/legacyofhope.ca\\\/?s={search_term_string}\"},\"query-input\":{\"@type\":\"PropertyValueSpecification\",\"valueRequired\":true,\"valueName\":\"search_term_string\"}}],\"inLanguage\":\"fr-CA\"},{\"@type\":\"Organization\",\"@id\":\"https:\\\/\\\/legacyofhope.ca\\\/#organization\",\"name\":\"Legacy of Hope Foundation\",\"url\":\"https:\\\/\\\/legacyofhope.ca\\\/\",\"logo\":{\"@type\":\"ImageObject\",\"inLanguage\":\"fr-CA\",\"@id\":\"https:\\\/\\\/legacyofhope.ca\\\/#\\\/schema\\\/logo\\\/image\\\/\",\"url\":\"https:\\\/\\\/i0.wp.com\\\/legacyofhope.ca\\\/wp-content\\\/uploads\\\/2023\\\/04\\\/LHF-Logo-English-Cropped-scaled.jpeg?fit=2560%2C1251&ssl=1\",\"contentUrl\":\"https:\\\/\\\/i0.wp.com\\\/legacyofhope.ca\\\/wp-content\\\/uploads\\\/2023\\\/04\\\/LHF-Logo-English-Cropped-scaled.jpeg?fit=2560%2C1251&ssl=1\",\"width\":2560,\"height\":1251,\"caption\":\"Legacy of Hope Foundation\"},\"image\":{\"@id\":\"https:\\\/\\\/legacyofhope.ca\\\/#\\\/schema\\\/logo\\\/image\\\/\"},\"sameAs\":[\"https:\\\/\\\/www.facebook.com\\\/legacyofhopefound\",\"https:\\\/\\\/x.com\\\/legacyhopefound\",\"https:\\\/\\\/www.youtube.com\\\/@LegacyofHopeFoundation\"]}]}<\/script>\n<!-- \/ Yoast SEO plugin. -->","yoast_head_json":{"title":"Donate - Legacy of Hope Foundation","robots":{"index":"index","follow":"follow","max-snippet":"max-snippet:-1","max-image-preview":"max-image-preview:large","max-video-preview":"max-video-preview:-1"},"canonical":"https:\/\/legacyofhope.ca\/fr\/donate\/","og_locale":"fr_CA","og_type":"article","og_title":"Donate - Legacy of Hope Foundation","og_url":"https:\/\/legacyofhope.ca\/fr\/donate\/","og_site_name":"Legacy of Hope Foundation","article_publisher":"https:\/\/www.facebook.com\/legacyofhopefound","article_modified_time":"2025-07-16T15:30:09+00:00","og_image":[{"width":1707,"height":2560,"url":"https:\/\/legacyofhope.ca\/wp-content\/uploads\/2022\/06\/pexels-liza-summer-6348119-scaled.jpg","type":"image\/jpeg"}],"twitter_card":"summary_large_image","twitter_site":"@legacyhopefound","twitter_misc":{"Estimation du temps de lecture":"5 minutes"},"schema":{"@context":"https:\/\/schema.org","@graph":[{"@type":"WebPage","@id":"https:\/\/legacyofhope.ca\/donate\/","url":"https:\/\/legacyofhope.ca\/donate\/","name":"Donate - Legacy of Hope Foundation","isPartOf":{"@id":"https:\/\/legacyofhope.ca\/#website"},"primaryImageOfPage":{"@id":"https:\/\/legacyofhope.ca\/donate\/#primaryimage"},"image":{"@id":"https:\/\/legacyofhope.ca\/donate\/#primaryimage"},"thumbnailUrl":"https:\/\/i0.wp.com\/legacyofhope.ca\/wp-content\/uploads\/2022\/06\/pexels-liza-summer-6348119-scaled.jpg?fit=1707%2C2560&ssl=1","datePublished":"2022-06-01T13:43:55+00:00","dateModified":"2025-07-16T15:30:09+00:00","breadcrumb":{"@id":"https:\/\/legacyofhope.ca\/donate\/#breadcrumb"},"inLanguage":"fr-CA","potentialAction":[{"@type":"ReadAction","target":["https:\/\/legacyofhope.ca\/donate\/"]}]},{"@type":"ImageObject","inLanguage":"fr-CA","@id":"https:\/\/legacyofhope.ca\/donate\/#primaryimage","url":"https:\/\/i0.wp.com\/legacyofhope.ca\/wp-content\/uploads\/2022\/06\/pexels-liza-summer-6348119-scaled.jpg?fit=1707%2C2560&ssl=1","contentUrl":"https:\/\/i0.wp.com\/legacyofhope.ca\/wp-content\/uploads\/2022\/06\/pexels-liza-summer-6348119-scaled.jpg?fit=1707%2C2560&ssl=1","width":1707,"height":2560},{"@type":"BreadcrumbList","@id":"https:\/\/legacyofhope.ca\/donate\/#breadcrumb","itemListElement":[{"@type":"ListItem","position":1,"name":"Home","item":"https:\/\/legacyofhope.ca\/"},{"@type":"ListItem","position":2,"name":"Donate"}]},{"@type":"WebSite","@id":"https:\/\/legacyofhope.ca\/#website","url":"https:\/\/legacyofhope.ca\/","name":"Fondation autochtone de l\u2019espoir","description":"Organisme de bienfaisance dirig\u00e9 par des Autochtones","publisher":{"@id":"https:\/\/legacyofhope.ca\/#organization"},"potentialAction":[{"@type":"SearchAction","target":{"@type":"EntryPoint","urlTemplate":"https:\/\/legacyofhope.ca\/?s={search_term_string}"},"query-input":{"@type":"PropertyValueSpecification","valueRequired":true,"valueName":"search_term_string"}}],"inLanguage":"fr-CA"},{"@type":"Organization","@id":"https:\/\/legacyofhope.ca\/#organization","name":"Fondation autochtone de l\u2019espoir","url":"https:\/\/legacyofhope.ca\/","logo":{"@type":"ImageObject","inLanguage":"fr-CA","@id":"https:\/\/legacyofhope.ca\/#\/schema\/logo\/image\/","url":"https:\/\/i0.wp.com\/legacyofhope.ca\/wp-content\/uploads\/2023\/04\/LHF-Logo-English-Cropped-scaled.jpeg?fit=2560%2C1251&ssl=1","contentUrl":"https:\/\/i0.wp.com\/legacyofhope.ca\/wp-content\/uploads\/2023\/04\/LHF-Logo-English-Cropped-scaled.jpeg?fit=2560%2C1251&ssl=1","width":2560,"height":1251,"caption":"Legacy of Hope Foundation"},"image":{"@id":"https:\/\/legacyofhope.ca\/#\/schema\/logo\/image\/"},"sameAs":["https:\/\/www.facebook.com\/legacyofhopefound","https:\/\/x.com\/legacyhopefound","https:\/\/www.youtube.com\/@LegacyofHopeFoundation"]}]}},"jetpack_sharing_enabled":true,"_links":{"self":[{"href":"https:\/\/legacyofhope.ca\/fr\/wp-json\/wp\/v2\/pages\/5756","targetHints":{"allow":["GET"]}}],"collection":[{"href":"https:\/\/legacyofhope.ca\/fr\/wp-json\/wp\/v2\/pages"}],"about":[{"href":"https:\/\/legacyofhope.ca\/fr\/wp-json\/wp\/v2\/types\/page"}],"author":[{"embeddable":true,"href":"https:\/\/legacyofhope.ca\/fr\/wp-json\/wp\/v2\/users\/1"}],"replies":[{"embeddable":true,"href":"https:\/\/legacyofhope.ca\/fr\/wp-json\/wp\/v2\/comments?post=5756"}],"version-history":[{"count":2,"href":"https:\/\/legacyofhope.ca\/fr\/wp-json\/wp\/v2\/pages\/5756\/revisions"}],"predecessor-version":[{"id":9839,"href":"https:\/\/legacyofhope.ca\/fr\/wp-json\/wp\/v2\/pages\/5756\/revisions\/9839"}],"wp:featuredmedia":[{"embeddable":true,"href":"https:\/\/legacyofhope.ca\/fr\/wp-json\/wp\/v2\/media\/5774"}],"wp:attachment":[{"href":"https:\/\/legacyofhope.ca\/fr\/wp-json\/wp\/v2\/media?parent=5756"}],"curies":[{"name":"wp","href":"https:\/\/api.w.org\/{rel}","templated":true}]}}