{"id":1435,"date":"2019-09-27T11:22:58","date_gmt":"2019-09-27T15:22:58","guid":{"rendered":"https:\/\/legacyofhope.ca\/?page_id=1435"},"modified":"2020-07-17T11:24:56","modified_gmt":"2020-07-17T15:24:56","slug":"aboutwwsfa","status":"publish","type":"page","link":"https:\/\/legacyofhope.ca\/fr\/weweresofaraway\/aboutwwsfa\/","title":{"rendered":"\u00c0 propos"},"content":{"rendered":"<p><div class=\"fusion-fullwidth fullwidth-box fusion-builder-row-1 fusion-flex-container nonhundred-percent-fullwidth non-hundred-percent-height-scrolling\" style=\"--awb-border-radius-top-left:0px;--awb-border-radius-top-right:0px;--awb-border-radius-bottom-right:0px;--awb-border-radius-bottom-left:0px;--awb-margin-top:20px;--awb-flex-wrap:wrap;\" ><div class=\"fusion-builder-row fusion-row fusion-flex-align-items-flex-start fusion-flex-content-wrap\" style=\"max-width:1216.8px;margin-left: calc(-4% \/ 2 );margin-right: calc(-4% \/ 2 );\"><div class=\"fusion-layout-column fusion_builder_column fusion-builder-column-0 fusion_builder_column_1_2 1_2 fusion-flex-column\" style=\"--awb-bg-size:cover;--awb-width-large:50%;--awb-margin-top-large:0px;--awb-spacing-right-large:3.84%;--awb-margin-bottom-large:0px;--awb-spacing-left-large:3.84%;--awb-width-medium:50%;--awb-spacing-right-medium:3.84%;--awb-spacing-left-medium:3.84%;--awb-width-small:100%;--awb-spacing-right-small:1.92%;--awb-spacing-left-small:1.92%;\"><div class=\"fusion-column-wrapper fusion-column-has-shadow fusion-flex-justify-content-flex-start fusion-content-layout-column\"><div class=\"fusion-image-element\" style=\"--awb-caption-title-font-family:var(--h2_typography-font-family);--awb-caption-title-font-weight:var(--h2_typography-font-weight);--awb-caption-title-font-style:var(--h2_typography-font-style);--awb-caption-title-size:var(--h2_typography-font-size);--awb-caption-title-transform:var(--h2_typography-text-transform);--awb-caption-title-line-height:var(--h2_typography-line-height);--awb-caption-title-letter-spacing:var(--h2_typography-letter-spacing);\"><span class=\"fusion-imageframe imageframe-none imageframe-1 hover-type-none\"><img decoding=\"async\" width=\"516\" height=\"60\" title=\"logo wwsfa FR\" src=\"https:\/\/i0.wp.com\/legacyofhope.ca\/wp-content\/uploads\/2019\/09\/wwsfa-logo-EN.jpg?fit=516%2C60&ssl=1\" data-orig-src=\"http:\/\/legacyofhope.ca\/wp-content\/uploads\/2019\/09\/wwsfa-logo-EN.jpg\" alt class=\"lazyload img-responsive wp-image-1415\" srcset=\"data:image\/svg+xml,%3Csvg%20xmlns%3D%27http%3A%2F%2Fwww.w3.org%2F2000%2Fsvg%27%20width%3D%27516%27%20height%3D%2760%27%20viewBox%3D%270%200%20516%2060%27%3E%3Crect%20width%3D%27516%27%20height%3D%2760%27%20fill-opacity%3D%220%22%2F%3E%3C%2Fsvg%3E\" data-srcset=\"https:\/\/i0.wp.com\/legacyofhope.ca\/wp-content\/uploads\/2019\/09\/wwsfa-logo-EN.jpg?resize=200%2C23&amp;ssl=1 200w, https:\/\/i0.wp.com\/legacyofhope.ca\/wp-content\/uploads\/2019\/09\/wwsfa-logo-EN.jpg?resize=300%2C35&amp;ssl=1 300w, https:\/\/i0.wp.com\/legacyofhope.ca\/wp-content\/uploads\/2019\/09\/wwsfa-logo-EN.jpg?resize=400%2C47&amp;ssl=1 400w, https:\/\/i0.wp.com\/legacyofhope.ca\/wp-content\/uploads\/2019\/09\/wwsfa-logo-EN.jpg?fit=516%2C60&amp;ssl=1 516w\" data-sizes=\"auto\" data-orig-sizes=\"(max-width: 640px) 100vw, 516px\" \/><\/span><\/div><\/div><\/div><div class=\"fusion-layout-column fusion_builder_column fusion-builder-column-1 fusion_builder_column_1_2 1_2 fusion-flex-column\" style=\"--awb-bg-size:cover;--awb-width-large:50%;--awb-margin-top-large:0px;--awb-spacing-right-large:3.84%;--awb-margin-bottom-large:0px;--awb-spacing-left-large:3.84%;--awb-width-medium:50%;--awb-spacing-right-medium:3.84%;--awb-spacing-left-medium:3.84%;--awb-width-small:100%;--awb-spacing-right-small:1.92%;--awb-spacing-left-small:1.92%;\"><div class=\"fusion-column-wrapper fusion-column-has-shadow fusion-flex-justify-content-flex-start fusion-content-layout-column\"><\/div><\/div><\/div><\/div><div class=\"fusion-fullwidth fullwidth-box fusion-builder-row-2 fusion-flex-container nonhundred-percent-fullwidth non-hundred-percent-height-scrolling\" style=\"--awb-border-radius-top-left:0px;--awb-border-radius-top-right:0px;--awb-border-radius-bottom-right:0px;--awb-border-radius-bottom-left:0px;--awb-padding-top:0px;--awb-margin-top:0px;--awb-margin-bottom:30px;--awb-background-color:#f7f6f2;--awb-flex-wrap:wrap;\" ><div class=\"fusion-builder-row fusion-row fusion-flex-align-items-flex-start fusion-flex-content-wrap\" style=\"max-width:1216.8px;margin-left: calc(-4% \/ 2 );margin-right: calc(-4% \/ 2 );\"><div class=\"fusion-layout-column fusion_builder_column fusion-builder-column-2 fusion_builder_column_1_3 1_3 fusion-flex-column\" style=\"--awb-bg-color:#acc3b4;--awb-bg-color-hover:#acc3b4;--awb-bg-size:cover;--awb-width-large:33.333333333333%;--awb-margin-top-large:0px;--awb-spacing-right-large:3.8399999999999%;--awb-margin-bottom-large:0px;--awb-spacing-left-large:5.76%;--awb-width-medium:33.333333333333%;--awb-spacing-right-medium:3.8399999999999%;--awb-spacing-left-medium:5.76%;--awb-width-small:100%;--awb-spacing-right-small:1.92%;--awb-spacing-left-small:1.92%;\"><div class=\"fusion-column-wrapper fusion-column-has-shadow fusion-flex-justify-content-flex-start fusion-content-layout-column\"><div class=\"fusion-title title fusion-title-1 fusion-sep-none fusion-title-text fusion-title-size-one\" style=\"--awb-margin-top-small:0px;--awb-margin-right-small:0px;--awb-margin-bottom-small:20px;--awb-margin-left-small:0px;\"><h1 class=\"fusion-title-heading title-heading-right fusion-responsive-typography-calculated\" style=\"margin:0;--fontSize:48;line-height:1.1;\"><h2 style=\"text-align: right;\"><span style=\"color: #ffffff;\">UNE<\/span><span style=\"color: #ffffff;\">COMBAT<\/span><\/h2><\/h1><\/div><\/div><\/div><div class=\"fusion-layout-column fusion_builder_column fusion-builder-column-3 fusion_builder_column_2_3 2_3 fusion-flex-column\" style=\"--awb-bg-size:cover;--awb-width-large:66.666666666667%;--awb-margin-top-large:0px;--awb-spacing-right-large:2.88%;--awb-margin-bottom-large:0px;--awb-spacing-left-large:3.84%;--awb-width-medium:66.666666666667%;--awb-spacing-right-medium:2.88%;--awb-spacing-left-medium:3.84%;--awb-width-small:100%;--awb-spacing-right-small:1.92%;--awb-spacing-left-small:1.92%;\"><div class=\"fusion-column-wrapper fusion-column-has-shadow fusion-flex-justify-content-flex-start fusion-content-layout-column\"><div class=\"fusion-text fusion-text-1\"><h1><span style=\"color: #903200;\">Conservateur<\/span><\/h1>\n<h2><span style=\"color: #903200;\">Dr Heather Igloliorte<\/span><\/h2>\n<p>Dr Igloliorte est une conservatrice et historienne de l&#039;art du territoire Nunatsiavut du Labrador dont les int\u00e9r\u00eats de recherche comprennent les questions de colonisation, de souverainet\u00e9, de r\u00e9sistance et de r\u00e9silience. Elle est \u00e9galement professeure adjointe en histoire de l&#039;art autochtone \u00e0 l&#039;Universit\u00e9 Concordia. Son p\u00e8re a fr\u00e9quent\u00e9 le pensionnat (Yale School) \u00e0 North West River, au Labrador.<\/p>\n<h1><span style=\"color: #903200;\">Les partenaires<\/span><\/h1>\n<h2><span style=\"color: #903200;\">Fondation autochtone de l\u2019espoir<\/span><\/h2>\n<p>La Fondation Legacy of Hope (LHF)<\/p>\n<div class=\"page\" title=\"Page 2\">\n<div class=\"layoutArea\">\n<div class=\"column\">\n<p>national Indigenous (First Nations, Inuit, and Me\u0301tis) charitable organization with the mandate to educate and create awareness and understanding about the Residential School System, including the intergenerational impacts. These include removal of generations<\/p>\n<p>des enfants autochtones de leur famille, ainsi que la rafle des ann\u00e9es 60 et les troubles de stress post-traumatique que de nombreux peuples autochtones continuent de subir. Le LHF s&#039;efforce d&#039;\u00e9liminer le racisme, de favoriser l&#039;empathie et la compr\u00e9hension et d&#039;inspirer des actions positives pour am\u00e9liorer<br \/>\nla situation des peuples autochtones aujourd&#039;hui. La LHF soutient le processus de gu\u00e9rison continu des survivants des pensionnats indiens et de leurs familles et sollicite leurs commentaires sur des projets qui les honorent.<\/p>\n<p>Since 2000, we have worked with Survivors, Indigenous communities, researchers, curators, and educators to develop educational resources that increase public awareness and knowledge of the history and effects of the Residential School System and the ongoing experiences Indigenous Peoples continue to face. Our projects include mobile exhibitions, websites, applications, publications, and several bilingual curriculums, including a program called Generations Lost\u2013The Residential School System in Canada.<\/p>\n<\/div>\n<\/div>\n<\/div>\n<h2><span style=\"color: #903200;\">Fondation autochtone de gu\u00e9rison<\/span><\/h2>\n<p>La vision de la Fondation autochtone de gu\u00e9rison \u00e9tait pour tous ceux qui sont touch\u00e9s par l&#039;h\u00e9ritage d&#039;abus physiques, sexuels, mentaux, culturels et spirituels dans les pensionnats indiens ayant trait\u00e9, de mani\u00e8re globale et significative, les traumatismes non r\u00e9solus, mettant fin les cycles interg\u00e9n\u00e9rationnels d&#039;abus, parvenir \u00e0 la r\u00e9conciliation dans toute la gamme des relations et renforcer leur capacit\u00e9 en tant qu&#039;individus, familles, communaut\u00e9s, nations et peuples \u00e0 maintenir leur bien-\u00eatre.<\/p>\n<p>Leur mission \u00e9tait de fournir des ressources qui favorisent la r\u00e9conciliation et encouragent et soutiennent les peuples autochtones et leurs communaut\u00e9s dans la construction et le renforcement de processus de gu\u00e9rison durables qui traitent de l&#039;h\u00e9ritage des abus physiques, sexuels, mentaux, culturels et spirituels dans le syst\u00e8me des pensionnats, y compris les impacts interg\u00e9n\u00e9rationnels. .<\/p>\n<p>La FADG a facilit\u00e9 le processus de gu\u00e9rison en aidant les Autochtones et leurs communaut\u00e9s \u00e0 s&#039;aider eux-m\u00eames, en fournissant des ressources pour les initiatives de gu\u00e9rison, en faisant la promotion de la sensibilisation aux probl\u00e8mes et aux besoins de gu\u00e9rison et en favorisant un environnement public large et favorable. Nous aidons les Survivants \u00e0 dire la v\u00e9rit\u00e9 sur leurs exp\u00e9riences et \u00e0 \u00eatre entendus. Ils ont \u00e9galement travaill\u00e9 \u00e0 engager les Canadiens dans ce processus de gu\u00e9rison en les encourageant \u00e0 marcher avec nous sur le chemin de la r\u00e9conciliation.<\/p>\n<p>La Fondation autochtone de gu\u00e9rison a cess\u00e9 ses activit\u00e9s en 2014.<\/p>\n<h2><span style=\"color: #903200;\">Biblioth\u00e8que et Archives Canada<\/span><\/h2>\n<p>Library and Archives Canada (LAC) combines the holdings, services and staff of both the former National Library of Canada and the National Archives of Canada. As outlined in the Preamble to the Library and Archives of Canada Act, LAC\u2019s mandate is as follows:<\/p>\n<p>pr\u00e9server le patrimoine documentaire du Canada au profit des g\u00e9n\u00e9rations pr\u00e9sentes et futures;<\/p>\n<p>\u00eatre une source de connaissances durables et accessibles \u00e0 tous, contribuant \u00e0 l&#039;avancement culturel, social et \u00e9conomique du Canada en tant que soci\u00e9t\u00e9 libre et d\u00e9mocratique;<\/p>\n<p>faciliter au Canada la coop\u00e9ration entre les communaut\u00e9s impliqu\u00e9es dans l&#039;acquisition, la pr\u00e9servation et la diffusion des connaissances;<\/p>\n<p>servir de m\u00e9moire permanente du gouvernement du Canada et de ses institutions.<\/p>\n<\/div><\/div><\/div><\/div><\/div><\/p>","protected":false},"excerpt":{"rendered":"","protected":false},"author":1,"featured_media":0,"parent":1388,"menu_order":0,"comment_status":"closed","ping_status":"closed","template":"","meta":{"_acf_changed":false,"footnotes":""},"class_list":["post-1435","page","type-page","status-publish","hentry"],"acf":[],"yoast_head":"<!-- This site is optimized with the Yoast SEO plugin v27.3 - https:\/\/yoast.com\/product\/yoast-seo-wordpress\/ -->\n<title>About - Legacy of Hope Foundation<\/title>\n<meta name=\"robots\" content=\"index, follow, max-snippet:-1, max-image-preview:large, max-video-preview:-1\" \/>\n<link rel=\"canonical\" href=\"https:\/\/legacyofhope.ca\/fr\/weweresofaraway\/aboutwwsfa\/\" \/>\n<meta property=\"og:locale\" content=\"fr_CA\" \/>\n<meta property=\"og:type\" content=\"article\" \/>\n<meta property=\"og:title\" content=\"About - Legacy of Hope Foundation\" \/>\n<meta property=\"og:url\" content=\"https:\/\/legacyofhope.ca\/fr\/weweresofaraway\/aboutwwsfa\/\" \/>\n<meta property=\"og:site_name\" content=\"Legacy of Hope Foundation\" \/>\n<meta property=\"article:publisher\" content=\"https:\/\/www.facebook.com\/legacyofhopefound\" \/>\n<meta property=\"article:modified_time\" content=\"2020-07-17T15:24:56+00:00\" \/>\n<meta name=\"twitter:card\" content=\"summary_large_image\" \/>\n<meta name=\"twitter:site\" content=\"@legacyhopefound\" \/>\n<meta name=\"twitter:label1\" content=\"Estimation du temps de lecture\" \/>\n\t<meta name=\"twitter:data1\" content=\"6 minutes\" \/>\n<script type=\"application\/ld+json\" class=\"yoast-schema-graph\">{\"@context\":\"https:\\\/\\\/schema.org\",\"@graph\":[{\"@type\":\"WebPage\",\"@id\":\"https:\\\/\\\/legacyofhope.ca\\\/weweresofaraway\\\/aboutwwsfa\\\/\",\"url\":\"https:\\\/\\\/legacyofhope.ca\\\/weweresofaraway\\\/aboutwwsfa\\\/\",\"name\":\"About - Legacy of Hope Foundation\",\"isPartOf\":{\"@id\":\"https:\\\/\\\/legacyofhope.ca\\\/#website\"},\"datePublished\":\"2019-09-27T15:22:58+00:00\",\"dateModified\":\"2020-07-17T15:24:56+00:00\",\"breadcrumb\":{\"@id\":\"https:\\\/\\\/legacyofhope.ca\\\/weweresofaraway\\\/aboutwwsfa\\\/#breadcrumb\"},\"inLanguage\":\"fr-CA\",\"potentialAction\":[{\"@type\":\"ReadAction\",\"target\":[\"https:\\\/\\\/legacyofhope.ca\\\/weweresofaraway\\\/aboutwwsfa\\\/\"]}]},{\"@type\":\"BreadcrumbList\",\"@id\":\"https:\\\/\\\/legacyofhope.ca\\\/weweresofaraway\\\/aboutwwsfa\\\/#breadcrumb\",\"itemListElement\":[{\"@type\":\"ListItem\",\"position\":1,\"name\":\"Home\",\"item\":\"https:\\\/\\\/legacyofhope.ca\\\/\"},{\"@type\":\"ListItem\",\"position\":2,\"name\":\"We Were So Far Away\",\"item\":\"https:\\\/\\\/legacyofhope.ca\\\/weweresofaraway\\\/\"},{\"@type\":\"ListItem\",\"position\":3,\"name\":\"About\"}]},{\"@type\":\"WebSite\",\"@id\":\"https:\\\/\\\/legacyofhope.ca\\\/#website\",\"url\":\"https:\\\/\\\/legacyofhope.ca\\\/\",\"name\":\"Legacy of Hope Foundation\",\"description\":\"Indigenous-led charitable organization\",\"publisher\":{\"@id\":\"https:\\\/\\\/legacyofhope.ca\\\/#organization\"},\"potentialAction\":[{\"@type\":\"SearchAction\",\"target\":{\"@type\":\"EntryPoint\",\"urlTemplate\":\"https:\\\/\\\/legacyofhope.ca\\\/?s={search_term_string}\"},\"query-input\":{\"@type\":\"PropertyValueSpecification\",\"valueRequired\":true,\"valueName\":\"search_term_string\"}}],\"inLanguage\":\"fr-CA\"},{\"@type\":\"Organization\",\"@id\":\"https:\\\/\\\/legacyofhope.ca\\\/#organization\",\"name\":\"Legacy of Hope Foundation\",\"url\":\"https:\\\/\\\/legacyofhope.ca\\\/\",\"logo\":{\"@type\":\"ImageObject\",\"inLanguage\":\"fr-CA\",\"@id\":\"https:\\\/\\\/legacyofhope.ca\\\/#\\\/schema\\\/logo\\\/image\\\/\",\"url\":\"https:\\\/\\\/i0.wp.com\\\/legacyofhope.ca\\\/wp-content\\\/uploads\\\/2023\\\/04\\\/LHF-Logo-English-Cropped-scaled.jpeg?fit=2560%2C1251&ssl=1\",\"contentUrl\":\"https:\\\/\\\/i0.wp.com\\\/legacyofhope.ca\\\/wp-content\\\/uploads\\\/2023\\\/04\\\/LHF-Logo-English-Cropped-scaled.jpeg?fit=2560%2C1251&ssl=1\",\"width\":2560,\"height\":1251,\"caption\":\"Legacy of Hope Foundation\"},\"image\":{\"@id\":\"https:\\\/\\\/legacyofhope.ca\\\/#\\\/schema\\\/logo\\\/image\\\/\"},\"sameAs\":[\"https:\\\/\\\/www.facebook.com\\\/legacyofhopefound\",\"https:\\\/\\\/x.com\\\/legacyhopefound\",\"https:\\\/\\\/www.youtube.com\\\/@LegacyofHopeFoundation\"]}]}<\/script>\n<!-- \/ Yoast SEO plugin. -->","yoast_head_json":{"title":"About - Legacy of Hope Foundation","robots":{"index":"index","follow":"follow","max-snippet":"max-snippet:-1","max-image-preview":"max-image-preview:large","max-video-preview":"max-video-preview:-1"},"canonical":"https:\/\/legacyofhope.ca\/fr\/weweresofaraway\/aboutwwsfa\/","og_locale":"fr_CA","og_type":"article","og_title":"About - Legacy of Hope Foundation","og_url":"https:\/\/legacyofhope.ca\/fr\/weweresofaraway\/aboutwwsfa\/","og_site_name":"Legacy of Hope Foundation","article_publisher":"https:\/\/www.facebook.com\/legacyofhopefound","article_modified_time":"2020-07-17T15:24:56+00:00","twitter_card":"summary_large_image","twitter_site":"@legacyhopefound","twitter_misc":{"Estimation du temps de lecture":"6 minutes"},"schema":{"@context":"https:\/\/schema.org","@graph":[{"@type":"WebPage","@id":"https:\/\/legacyofhope.ca\/weweresofaraway\/aboutwwsfa\/","url":"https:\/\/legacyofhope.ca\/weweresofaraway\/aboutwwsfa\/","name":"About - Legacy of Hope Foundation","isPartOf":{"@id":"https:\/\/legacyofhope.ca\/#website"},"datePublished":"2019-09-27T15:22:58+00:00","dateModified":"2020-07-17T15:24:56+00:00","breadcrumb":{"@id":"https:\/\/legacyofhope.ca\/weweresofaraway\/aboutwwsfa\/#breadcrumb"},"inLanguage":"fr-CA","potentialAction":[{"@type":"ReadAction","target":["https:\/\/legacyofhope.ca\/weweresofaraway\/aboutwwsfa\/"]}]},{"@type":"BreadcrumbList","@id":"https:\/\/legacyofhope.ca\/weweresofaraway\/aboutwwsfa\/#breadcrumb","itemListElement":[{"@type":"ListItem","position":1,"name":"Home","item":"https:\/\/legacyofhope.ca\/"},{"@type":"ListItem","position":2,"name":"We Were So Far Away","item":"https:\/\/legacyofhope.ca\/weweresofaraway\/"},{"@type":"ListItem","position":3,"name":"About"}]},{"@type":"WebSite","@id":"https:\/\/legacyofhope.ca\/#website","url":"https:\/\/legacyofhope.ca\/","name":"Fondation autochtone de l\u2019espoir","description":"Organisme de bienfaisance dirig\u00e9 par des Autochtones","publisher":{"@id":"https:\/\/legacyofhope.ca\/#organization"},"potentialAction":[{"@type":"SearchAction","target":{"@type":"EntryPoint","urlTemplate":"https:\/\/legacyofhope.ca\/?s={search_term_string}"},"query-input":{"@type":"PropertyValueSpecification","valueRequired":true,"valueName":"search_term_string"}}],"inLanguage":"fr-CA"},{"@type":"Organization","@id":"https:\/\/legacyofhope.ca\/#organization","name":"Fondation autochtone de l\u2019espoir","url":"https:\/\/legacyofhope.ca\/","logo":{"@type":"ImageObject","inLanguage":"fr-CA","@id":"https:\/\/legacyofhope.ca\/#\/schema\/logo\/image\/","url":"https:\/\/i0.wp.com\/legacyofhope.ca\/wp-content\/uploads\/2023\/04\/LHF-Logo-English-Cropped-scaled.jpeg?fit=2560%2C1251&ssl=1","contentUrl":"https:\/\/i0.wp.com\/legacyofhope.ca\/wp-content\/uploads\/2023\/04\/LHF-Logo-English-Cropped-scaled.jpeg?fit=2560%2C1251&ssl=1","width":2560,"height":1251,"caption":"Legacy of Hope Foundation"},"image":{"@id":"https:\/\/legacyofhope.ca\/#\/schema\/logo\/image\/"},"sameAs":["https:\/\/www.facebook.com\/legacyofhopefound","https:\/\/x.com\/legacyhopefound","https:\/\/www.youtube.com\/@LegacyofHopeFoundation"]}]}},"jetpack_sharing_enabled":true,"_links":{"self":[{"href":"https:\/\/legacyofhope.ca\/fr\/wp-json\/wp\/v2\/pages\/1435","targetHints":{"allow":["GET"]}}],"collection":[{"href":"https:\/\/legacyofhope.ca\/fr\/wp-json\/wp\/v2\/pages"}],"about":[{"href":"https:\/\/legacyofhope.ca\/fr\/wp-json\/wp\/v2\/types\/page"}],"author":[{"embeddable":true,"href":"https:\/\/legacyofhope.ca\/fr\/wp-json\/wp\/v2\/users\/1"}],"replies":[{"embeddable":true,"href":"https:\/\/legacyofhope.ca\/fr\/wp-json\/wp\/v2\/comments?post=1435"}],"version-history":[{"count":0,"href":"https:\/\/legacyofhope.ca\/fr\/wp-json\/wp\/v2\/pages\/1435\/revisions"}],"up":[{"embeddable":true,"href":"https:\/\/legacyofhope.ca\/fr\/wp-json\/wp\/v2\/pages\/1388"}],"wp:attachment":[{"href":"https:\/\/legacyofhope.ca\/fr\/wp-json\/wp\/v2\/media?parent=1435"}],"curies":[{"name":"wp","href":"https:\/\/api.w.org\/{rel}","templated":true}]}}