{"id":1433,"date":"2019-09-27T11:22:39","date_gmt":"2019-09-27T15:22:39","guid":{"rendered":"https:\/\/legacyofhope.ca\/?page_id=1433"},"modified":"2019-11-20T11:16:03","modified_gmt":"2019-11-20T16:16:03","slug":"request-the-exhibit","status":"publish","type":"page","link":"https:\/\/legacyofhope.ca\/fr\/weweresofaraway\/request-the-exhibit\/","title":{"rendered":"Demander l&#039;exposition"},"content":{"rendered":"<p><div class=\"fusion-fullwidth fullwidth-box fusion-builder-row-1 fusion-flex-container nonhundred-percent-fullwidth non-hundred-percent-height-scrolling\" style=\"--awb-border-radius-top-left:0px;--awb-border-radius-top-right:0px;--awb-border-radius-bottom-right:0px;--awb-border-radius-bottom-left:0px;--awb-margin-top:20px;--awb-flex-wrap:wrap;\" ><div class=\"fusion-builder-row fusion-row fusion-flex-align-items-flex-start fusion-flex-content-wrap\" style=\"max-width:1216.8px;margin-left: calc(-4% \/ 2 );margin-right: calc(-4% \/ 2 );\"><div class=\"fusion-layout-column fusion_builder_column fusion-builder-column-0 fusion_builder_column_1_2 1_2 fusion-flex-column\" style=\"--awb-bg-size:cover;--awb-width-large:50%;--awb-margin-top-large:0px;--awb-spacing-right-large:3.84%;--awb-margin-bottom-large:0px;--awb-spacing-left-large:3.84%;--awb-width-medium:50%;--awb-spacing-right-medium:3.84%;--awb-spacing-left-medium:3.84%;--awb-width-small:100%;--awb-spacing-right-small:1.92%;--awb-spacing-left-small:1.92%;\"><div class=\"fusion-column-wrapper fusion-column-has-shadow fusion-flex-justify-content-flex-start fusion-content-layout-column\"><div class=\"fusion-image-element\" style=\"--awb-caption-title-font-family:var(--h2_typography-font-family);--awb-caption-title-font-weight:var(--h2_typography-font-weight);--awb-caption-title-font-style:var(--h2_typography-font-style);--awb-caption-title-size:var(--h2_typography-font-size);--awb-caption-title-transform:var(--h2_typography-text-transform);--awb-caption-title-line-height:var(--h2_typography-line-height);--awb-caption-title-letter-spacing:var(--h2_typography-letter-spacing);\"><span class=\"fusion-imageframe imageframe-none imageframe-1 hover-type-none\"><img decoding=\"async\" width=\"516\" height=\"60\" title=\"logo wwsfa FR\" src=\"https:\/\/i0.wp.com\/legacyofhope.ca\/wp-content\/uploads\/2019\/09\/wwsfa-logo-EN.jpg?fit=516%2C60&ssl=1\" data-orig-src=\"http:\/\/legacyofhope.ca\/wp-content\/uploads\/2019\/09\/wwsfa-logo-EN.jpg\" alt class=\"lazyload img-responsive wp-image-1415\" srcset=\"data:image\/svg+xml,%3Csvg%20xmlns%3D%27http%3A%2F%2Fwww.w3.org%2F2000%2Fsvg%27%20width%3D%27516%27%20height%3D%2760%27%20viewBox%3D%270%200%20516%2060%27%3E%3Crect%20width%3D%27516%27%20height%3D%2760%27%20fill-opacity%3D%220%22%2F%3E%3C%2Fsvg%3E\" data-srcset=\"https:\/\/i0.wp.com\/legacyofhope.ca\/wp-content\/uploads\/2019\/09\/wwsfa-logo-EN.jpg?resize=200%2C23&amp;ssl=1 200w, https:\/\/i0.wp.com\/legacyofhope.ca\/wp-content\/uploads\/2019\/09\/wwsfa-logo-EN.jpg?resize=300%2C35&amp;ssl=1 300w, https:\/\/i0.wp.com\/legacyofhope.ca\/wp-content\/uploads\/2019\/09\/wwsfa-logo-EN.jpg?resize=400%2C47&amp;ssl=1 400w, https:\/\/i0.wp.com\/legacyofhope.ca\/wp-content\/uploads\/2019\/09\/wwsfa-logo-EN.jpg?fit=516%2C60&amp;ssl=1 516w\" data-sizes=\"auto\" data-orig-sizes=\"(max-width: 640px) 100vw, 516px\" \/><\/span><\/div><\/div><\/div><\/div><\/div><div class=\"fusion-fullwidth fullwidth-box fusion-builder-row-2 fusion-flex-container nonhundred-percent-fullwidth non-hundred-percent-height-scrolling\" style=\"--awb-border-radius-top-left:0px;--awb-border-radius-top-right:0px;--awb-border-radius-bottom-right:0px;--awb-border-radius-bottom-left:0px;--awb-background-color:#f7f6f2;--awb-flex-wrap:wrap;\" ><div class=\"fusion-builder-row fusion-row fusion-flex-align-items-flex-start fusion-flex-content-wrap\" style=\"max-width:1216.8px;margin-left: calc(-4% \/ 2 );margin-right: calc(-4% \/ 2 );\"><div class=\"fusion-layout-column fusion_builder_column fusion-builder-column-1 fusion_builder_column_1_3 1_3 fusion-flex-column\" style=\"--awb-bg-color:#acc3b3;--awb-bg-color-hover:#acc3b3;--awb-bg-size:cover;--awb-width-large:33.333333333333%;--awb-margin-top-large:17px;--awb-spacing-right-large:3.8399999999999%;--awb-margin-bottom-large:0px;--awb-spacing-left-large:5.76%;--awb-width-medium:33.333333333333%;--awb-spacing-right-medium:3.8399999999999%;--awb-spacing-left-medium:5.76%;--awb-width-small:100%;--awb-spacing-right-small:1.92%;--awb-spacing-left-small:1.92%;\"><div class=\"fusion-column-wrapper fusion-column-has-shadow fusion-flex-justify-content-flex-start fusion-content-layout-column\"><div class=\"fusion-text fusion-text-1\"><h1 style=\"text-align: right;\"><span style=\"color: #ffffff;\">DEMANDEZ L&#039;EXPOSITION<\/span><\/h1>\n<\/div><\/div><\/div><div class=\"fusion-layout-column fusion_builder_column fusion-builder-column-2 fusion_builder_column_2_3 2_3 fusion-flex-column\" style=\"--awb-bg-size:cover;--awb-width-large:66.666666666667%;--awb-margin-top-large:0px;--awb-spacing-right-large:2.88%;--awb-margin-bottom-large:0px;--awb-spacing-left-large:3.84%;--awb-width-medium:66.666666666667%;--awb-spacing-right-medium:2.88%;--awb-spacing-left-medium:3.84%;--awb-width-small:100%;--awb-spacing-right-small:1.92%;--awb-spacing-left-small:1.92%;\"><div class=\"fusion-column-wrapper fusion-column-has-shadow fusion-flex-justify-content-flex-start fusion-content-layout-column\"><div class=\"fusion-text fusion-text-2\"><p><img data-recalc-dims=\"1\" decoding=\"async\" class=\"lazyload alignnone size-full wp-image-1719\" src=\"https:\/\/i0.wp.com\/legacyofhope.ca\/wp-content\/uploads\/2019\/10\/WWSFA-Display.jpg?resize=1170%2C542\" data-orig-src=\"http:\/\/legacyofhope.ca\/wp-content\/uploads\/2019\/10\/WWSFA-Display.jpg\" alt=\"\" width=\"1170\" height=\"542\" srcset=\"data:image\/svg+xml,%3Csvg%20xmlns%3D%27http%3A%2F%2Fwww.w3.org%2F2000%2Fsvg%27%20width%3D%272560%27%20height%3D%271187%27%20viewBox%3D%270%200%202560%201187%27%3E%3Crect%20width%3D%272560%27%20height%3D%271187%27%20fill-opacity%3D%220%22%2F%3E%3C%2Fsvg%3E\" data-srcset=\"https:\/\/i0.wp.com\/legacyofhope.ca\/wp-content\/uploads\/2019\/10\/WWSFA-Display.jpg?resize=200%2C93&amp;ssl=1 200w, https:\/\/i0.wp.com\/legacyofhope.ca\/wp-content\/uploads\/2019\/10\/WWSFA-Display.jpg?resize=300%2C139&amp;ssl=1 300w, https:\/\/i0.wp.com\/legacyofhope.ca\/wp-content\/uploads\/2019\/10\/WWSFA-Display.jpg?resize=400%2C185&amp;ssl=1 400w, https:\/\/i0.wp.com\/legacyofhope.ca\/wp-content\/uploads\/2019\/10\/WWSFA-Display.jpg?resize=600%2C278&amp;ssl=1 600w, https:\/\/i0.wp.com\/legacyofhope.ca\/wp-content\/uploads\/2019\/10\/WWSFA-Display.jpg?resize=768%2C356&amp;ssl=1 768w, https:\/\/i0.wp.com\/legacyofhope.ca\/wp-content\/uploads\/2019\/10\/WWSFA-Display.jpg?resize=800%2C371&amp;ssl=1 800w, https:\/\/i0.wp.com\/legacyofhope.ca\/wp-content\/uploads\/2019\/10\/WWSFA-Display.jpg?resize=1024%2C475&amp;ssl=1 1024w, https:\/\/i0.wp.com\/legacyofhope.ca\/wp-content\/uploads\/2019\/10\/WWSFA-Display.jpg?resize=1200%2C556&amp;ssl=1 1200w, https:\/\/i0.wp.com\/legacyofhope.ca\/wp-content\/uploads\/2019\/10\/WWSFA-Display.jpg?w=2340&amp;ssl=1 2340w, https:\/\/i0.wp.com\/legacyofhope.ca\/wp-content\/uploads\/2019\/10\/WWSFA-Display.jpg?fit=2560%2C1187&amp;ssl=1 2560w\" data-sizes=\"auto\" data-orig-sizes=\"(max-width: 1170px) 100vw, 1170px\" \/><\/p>\n<p>Vous voulez en savoir plus sur l&#039;emprunt de cette exposition? Contactez notre<a href=\"mailto:exhibitions@legacyofhope.ca\">\u00a0Responsable des expositions<\/a>\u00a0pour plus d&#039;informations.<\/p>\n<p>Significant consideration was given to the design of the exhibition to ensure that it would be as accessible to as many people as possible \u2013 especially Inuit Survivors and community members. Every effort has been made to minimize space, installation and shipping requirements. As a result, the \u201cWe were so far away\u2026\u201d exhibition can be transported to remote communities, and can be adapted to fit both small and large settings such as community centres, libraries, and schools. The exhibition was designed so that it can be set up in a variety of spaces \u2013 it is portable and lightweight and can be installed quickly.<\/p>\n<p>Les emprunteurs devront signer un accord de pr\u00eat qui d\u00e9taille les r\u00f4les et responsabilit\u00e9s (s\u00e9curit\u00e9, assurance, exp\u00e9dition, etc.) de l&#039;h\u00f4te et de la LHF. Il n&#039;y a pas de frais de pr\u00eat pour l&#039;exposition We Were So Far Away.<\/p>\n<p>En r\u00e8gle g\u00e9n\u00e9rale, les d\u00e9penses des emprunteurs comprennent l&#039;assurance des \u0153uvres install\u00e9es et en transit, l&#039;accueil d&#039;une ouverture d&#039;exposition (interpr\u00e9tation, etc.), ainsi que la publicit\u00e9 et la promotion locales.<\/p>\n<h2>Lieux pr\u00e9c\u00e9dents<\/h2>\n<ul>\n<li>Vancouver, BC\u2014Sept. 2013<\/li>\n<li>Winnipeg, MB\u2014Oct. \u2013 Nov. 2012<\/li>\n<li>Rigolet, Nain, Happy Valley-Goose Bay, NL\u2014Apr. \u2013 May 2012<\/li>\n<li>Iqaluit, NU\u2014Mar-May 2011<\/li>\n<li>Inuvik, NT\u2014June 2011<\/li>\n<li>Iqaluit, NU\u2014Mar. \u2013 May, 2011<\/li>\n<li>Vancouver, BC\u2014Mar. 2011<\/li>\n<li>Ottawa, ON\u2014Feb. 2011<\/li>\n<li>Qu\u00e9bec City, QC\u2014Jan. 2011<\/li>\n<li>Ottawa, ON\u2014Nov. 2010<\/li>\n<li>Honolulu, HI \u2014Sept. 2010<\/li>\n<li>Winnipeg , MB \u2014June 2010<\/li>\n<li>Inuvik, NT\u2014Mar. \u2013 Apr. 2010<\/li>\n<li>Fort Smith, NT\u2014Mar. 2010<\/li>\n<li>Yellowknife, NT\u2014Nov. 2009 \u2013 Jan. 2010<\/li>\n<li>Arviat, NU\u2014Mar. 2009<\/li>\n<li>Ottawa, ON\u2014Jan. \u2013 Sept. 2009<\/li>\n<\/ul>\n<\/div><\/div><\/div><\/div><\/div><\/p>","protected":false},"excerpt":{"rendered":"","protected":false},"author":1,"featured_media":0,"parent":1388,"menu_order":0,"comment_status":"closed","ping_status":"closed","template":"","meta":{"_acf_changed":false,"footnotes":""},"class_list":["post-1433","page","type-page","status-publish","hentry"],"acf":[],"yoast_head":"<!-- This site is optimized with the Yoast SEO plugin v27.3 - https:\/\/yoast.com\/product\/yoast-seo-wordpress\/ -->\n<title>Request The Exhibit - Legacy of Hope Foundation<\/title>\n<meta name=\"robots\" content=\"index, follow, max-snippet:-1, max-image-preview:large, max-video-preview:-1\" \/>\n<link rel=\"canonical\" href=\"https:\/\/legacyofhope.ca\/fr\/weweresofaraway\/request-the-exhibit\/\" \/>\n<meta property=\"og:locale\" content=\"fr_CA\" \/>\n<meta property=\"og:type\" content=\"article\" \/>\n<meta property=\"og:title\" content=\"Request The Exhibit - Legacy of Hope Foundation\" \/>\n<meta property=\"og:url\" content=\"https:\/\/legacyofhope.ca\/fr\/weweresofaraway\/request-the-exhibit\/\" \/>\n<meta property=\"og:site_name\" content=\"Legacy of Hope Foundation\" \/>\n<meta property=\"article:publisher\" content=\"https:\/\/www.facebook.com\/legacyofhopefound\" \/>\n<meta property=\"article:modified_time\" content=\"2019-11-20T16:16:03+00:00\" \/>\n<meta property=\"og:image\" content=\"http:\/\/legacyofhope.ca\/wp-content\/uploads\/2019\/10\/WWSFA-Display.jpg\" \/>\n<meta name=\"twitter:card\" content=\"summary_large_image\" \/>\n<meta name=\"twitter:site\" content=\"@legacyhopefound\" \/>\n<meta name=\"twitter:label1\" content=\"Estimation du temps de lecture\" \/>\n\t<meta name=\"twitter:data1\" content=\"4 minutes\" \/>\n<script type=\"application\/ld+json\" class=\"yoast-schema-graph\">{\"@context\":\"https:\\\/\\\/schema.org\",\"@graph\":[{\"@type\":\"WebPage\",\"@id\":\"https:\\\/\\\/legacyofhope.ca\\\/weweresofaraway\\\/request-the-exhibit\\\/\",\"url\":\"https:\\\/\\\/legacyofhope.ca\\\/weweresofaraway\\\/request-the-exhibit\\\/\",\"name\":\"Request The Exhibit - Legacy of Hope Foundation\",\"isPartOf\":{\"@id\":\"https:\\\/\\\/legacyofhope.ca\\\/#website\"},\"primaryImageOfPage\":{\"@id\":\"https:\\\/\\\/legacyofhope.ca\\\/weweresofaraway\\\/request-the-exhibit\\\/#primaryimage\"},\"image\":{\"@id\":\"https:\\\/\\\/legacyofhope.ca\\\/weweresofaraway\\\/request-the-exhibit\\\/#primaryimage\"},\"thumbnailUrl\":\"http:\\\/\\\/legacyofhope.ca\\\/wp-content\\\/uploads\\\/2019\\\/10\\\/WWSFA-Display.jpg\",\"datePublished\":\"2019-09-27T15:22:39+00:00\",\"dateModified\":\"2019-11-20T16:16:03+00:00\",\"breadcrumb\":{\"@id\":\"https:\\\/\\\/legacyofhope.ca\\\/weweresofaraway\\\/request-the-exhibit\\\/#breadcrumb\"},\"inLanguage\":\"fr-CA\",\"potentialAction\":[{\"@type\":\"ReadAction\",\"target\":[\"https:\\\/\\\/legacyofhope.ca\\\/weweresofaraway\\\/request-the-exhibit\\\/\"]}]},{\"@type\":\"ImageObject\",\"inLanguage\":\"fr-CA\",\"@id\":\"https:\\\/\\\/legacyofhope.ca\\\/weweresofaraway\\\/request-the-exhibit\\\/#primaryimage\",\"url\":\"http:\\\/\\\/legacyofhope.ca\\\/wp-content\\\/uploads\\\/2019\\\/10\\\/WWSFA-Display.jpg\",\"contentUrl\":\"http:\\\/\\\/legacyofhope.ca\\\/wp-content\\\/uploads\\\/2019\\\/10\\\/WWSFA-Display.jpg\"},{\"@type\":\"BreadcrumbList\",\"@id\":\"https:\\\/\\\/legacyofhope.ca\\\/weweresofaraway\\\/request-the-exhibit\\\/#breadcrumb\",\"itemListElement\":[{\"@type\":\"ListItem\",\"position\":1,\"name\":\"Home\",\"item\":\"https:\\\/\\\/legacyofhope.ca\\\/\"},{\"@type\":\"ListItem\",\"position\":2,\"name\":\"We Were So Far Away\",\"item\":\"https:\\\/\\\/legacyofhope.ca\\\/weweresofaraway\\\/\"},{\"@type\":\"ListItem\",\"position\":3,\"name\":\"Request The Exhibit\"}]},{\"@type\":\"WebSite\",\"@id\":\"https:\\\/\\\/legacyofhope.ca\\\/#website\",\"url\":\"https:\\\/\\\/legacyofhope.ca\\\/\",\"name\":\"Legacy of Hope Foundation\",\"description\":\"Indigenous-led charitable organization\",\"publisher\":{\"@id\":\"https:\\\/\\\/legacyofhope.ca\\\/#organization\"},\"potentialAction\":[{\"@type\":\"SearchAction\",\"target\":{\"@type\":\"EntryPoint\",\"urlTemplate\":\"https:\\\/\\\/legacyofhope.ca\\\/?s={search_term_string}\"},\"query-input\":{\"@type\":\"PropertyValueSpecification\",\"valueRequired\":true,\"valueName\":\"search_term_string\"}}],\"inLanguage\":\"fr-CA\"},{\"@type\":\"Organization\",\"@id\":\"https:\\\/\\\/legacyofhope.ca\\\/#organization\",\"name\":\"Legacy of Hope Foundation\",\"url\":\"https:\\\/\\\/legacyofhope.ca\\\/\",\"logo\":{\"@type\":\"ImageObject\",\"inLanguage\":\"fr-CA\",\"@id\":\"https:\\\/\\\/legacyofhope.ca\\\/#\\\/schema\\\/logo\\\/image\\\/\",\"url\":\"https:\\\/\\\/i0.wp.com\\\/legacyofhope.ca\\\/wp-content\\\/uploads\\\/2023\\\/04\\\/LHF-Logo-English-Cropped-scaled.jpeg?fit=2560%2C1251&ssl=1\",\"contentUrl\":\"https:\\\/\\\/i0.wp.com\\\/legacyofhope.ca\\\/wp-content\\\/uploads\\\/2023\\\/04\\\/LHF-Logo-English-Cropped-scaled.jpeg?fit=2560%2C1251&ssl=1\",\"width\":2560,\"height\":1251,\"caption\":\"Legacy of Hope Foundation\"},\"image\":{\"@id\":\"https:\\\/\\\/legacyofhope.ca\\\/#\\\/schema\\\/logo\\\/image\\\/\"},\"sameAs\":[\"https:\\\/\\\/www.facebook.com\\\/legacyofhopefound\",\"https:\\\/\\\/x.com\\\/legacyhopefound\",\"https:\\\/\\\/www.youtube.com\\\/@LegacyofHopeFoundation\"]}]}<\/script>\n<!-- \/ Yoast SEO plugin. -->","yoast_head_json":{"title":"Request The Exhibit - Legacy of Hope Foundation","robots":{"index":"index","follow":"follow","max-snippet":"max-snippet:-1","max-image-preview":"max-image-preview:large","max-video-preview":"max-video-preview:-1"},"canonical":"https:\/\/legacyofhope.ca\/fr\/weweresofaraway\/request-the-exhibit\/","og_locale":"fr_CA","og_type":"article","og_title":"Request The Exhibit - Legacy of Hope Foundation","og_url":"https:\/\/legacyofhope.ca\/fr\/weweresofaraway\/request-the-exhibit\/","og_site_name":"Legacy of Hope Foundation","article_publisher":"https:\/\/www.facebook.com\/legacyofhopefound","article_modified_time":"2019-11-20T16:16:03+00:00","og_image":[{"url":"http:\/\/legacyofhope.ca\/wp-content\/uploads\/2019\/10\/WWSFA-Display.jpg","type":"","width":"","height":""}],"twitter_card":"summary_large_image","twitter_site":"@legacyhopefound","twitter_misc":{"Estimation du temps de lecture":"4 minutes"},"schema":{"@context":"https:\/\/schema.org","@graph":[{"@type":"WebPage","@id":"https:\/\/legacyofhope.ca\/weweresofaraway\/request-the-exhibit\/","url":"https:\/\/legacyofhope.ca\/weweresofaraway\/request-the-exhibit\/","name":"Request The Exhibit - Legacy of Hope Foundation","isPartOf":{"@id":"https:\/\/legacyofhope.ca\/#website"},"primaryImageOfPage":{"@id":"https:\/\/legacyofhope.ca\/weweresofaraway\/request-the-exhibit\/#primaryimage"},"image":{"@id":"https:\/\/legacyofhope.ca\/weweresofaraway\/request-the-exhibit\/#primaryimage"},"thumbnailUrl":"http:\/\/legacyofhope.ca\/wp-content\/uploads\/2019\/10\/WWSFA-Display.jpg","datePublished":"2019-09-27T15:22:39+00:00","dateModified":"2019-11-20T16:16:03+00:00","breadcrumb":{"@id":"https:\/\/legacyofhope.ca\/weweresofaraway\/request-the-exhibit\/#breadcrumb"},"inLanguage":"fr-CA","potentialAction":[{"@type":"ReadAction","target":["https:\/\/legacyofhope.ca\/weweresofaraway\/request-the-exhibit\/"]}]},{"@type":"ImageObject","inLanguage":"fr-CA","@id":"https:\/\/legacyofhope.ca\/weweresofaraway\/request-the-exhibit\/#primaryimage","url":"http:\/\/legacyofhope.ca\/wp-content\/uploads\/2019\/10\/WWSFA-Display.jpg","contentUrl":"http:\/\/legacyofhope.ca\/wp-content\/uploads\/2019\/10\/WWSFA-Display.jpg"},{"@type":"BreadcrumbList","@id":"https:\/\/legacyofhope.ca\/weweresofaraway\/request-the-exhibit\/#breadcrumb","itemListElement":[{"@type":"ListItem","position":1,"name":"Home","item":"https:\/\/legacyofhope.ca\/"},{"@type":"ListItem","position":2,"name":"We Were So Far Away","item":"https:\/\/legacyofhope.ca\/weweresofaraway\/"},{"@type":"ListItem","position":3,"name":"Request The Exhibit"}]},{"@type":"WebSite","@id":"https:\/\/legacyofhope.ca\/#website","url":"https:\/\/legacyofhope.ca\/","name":"Fondation autochtone de l\u2019espoir","description":"Organisme de bienfaisance dirig\u00e9 par des Autochtones","publisher":{"@id":"https:\/\/legacyofhope.ca\/#organization"},"potentialAction":[{"@type":"SearchAction","target":{"@type":"EntryPoint","urlTemplate":"https:\/\/legacyofhope.ca\/?s={search_term_string}"},"query-input":{"@type":"PropertyValueSpecification","valueRequired":true,"valueName":"search_term_string"}}],"inLanguage":"fr-CA"},{"@type":"Organization","@id":"https:\/\/legacyofhope.ca\/#organization","name":"Fondation autochtone de l\u2019espoir","url":"https:\/\/legacyofhope.ca\/","logo":{"@type":"ImageObject","inLanguage":"fr-CA","@id":"https:\/\/legacyofhope.ca\/#\/schema\/logo\/image\/","url":"https:\/\/i0.wp.com\/legacyofhope.ca\/wp-content\/uploads\/2023\/04\/LHF-Logo-English-Cropped-scaled.jpeg?fit=2560%2C1251&ssl=1","contentUrl":"https:\/\/i0.wp.com\/legacyofhope.ca\/wp-content\/uploads\/2023\/04\/LHF-Logo-English-Cropped-scaled.jpeg?fit=2560%2C1251&ssl=1","width":2560,"height":1251,"caption":"Legacy of Hope Foundation"},"image":{"@id":"https:\/\/legacyofhope.ca\/#\/schema\/logo\/image\/"},"sameAs":["https:\/\/www.facebook.com\/legacyofhopefound","https:\/\/x.com\/legacyhopefound","https:\/\/www.youtube.com\/@LegacyofHopeFoundation"]}]}},"jetpack_sharing_enabled":true,"_links":{"self":[{"href":"https:\/\/legacyofhope.ca\/fr\/wp-json\/wp\/v2\/pages\/1433","targetHints":{"allow":["GET"]}}],"collection":[{"href":"https:\/\/legacyofhope.ca\/fr\/wp-json\/wp\/v2\/pages"}],"about":[{"href":"https:\/\/legacyofhope.ca\/fr\/wp-json\/wp\/v2\/types\/page"}],"author":[{"embeddable":true,"href":"https:\/\/legacyofhope.ca\/fr\/wp-json\/wp\/v2\/users\/1"}],"replies":[{"embeddable":true,"href":"https:\/\/legacyofhope.ca\/fr\/wp-json\/wp\/v2\/comments?post=1433"}],"version-history":[{"count":0,"href":"https:\/\/legacyofhope.ca\/fr\/wp-json\/wp\/v2\/pages\/1433\/revisions"}],"up":[{"embeddable":true,"href":"https:\/\/legacyofhope.ca\/fr\/wp-json\/wp\/v2\/pages\/1388"}],"wp:attachment":[{"href":"https:\/\/legacyofhope.ca\/fr\/wp-json\/wp\/v2\/media?parent=1433"}],"curies":[{"name":"wp","href":"https:\/\/api.w.org\/{rel}","templated":true}]}}