{"id":1431,"date":"2019-09-27T11:22:06","date_gmt":"2019-09-27T15:22:06","guid":{"rendered":"https:\/\/legacyofhope.ca\/?page_id=1431"},"modified":"2019-11-20T11:53:31","modified_gmt":"2019-11-20T16:53:31","slug":"resources","status":"publish","type":"page","link":"https:\/\/legacyofhope.ca\/fr\/weweresofaraway\/resources\/","title":{"rendered":"Ressources"},"content":{"rendered":"<p><div class=\"fusion-fullwidth fullwidth-box fusion-builder-row-1 fusion-flex-container nonhundred-percent-fullwidth non-hundred-percent-height-scrolling\" style=\"--awb-border-radius-top-left:0px;--awb-border-radius-top-right:0px;--awb-border-radius-bottom-right:0px;--awb-border-radius-bottom-left:0px;--awb-margin-top:20px;--awb-flex-wrap:wrap;\" ><div class=\"fusion-builder-row fusion-row fusion-flex-align-items-flex-start fusion-flex-content-wrap\" style=\"max-width:1216.8px;margin-left: calc(-4% \/ 2 );margin-right: calc(-4% \/ 2 );\"><div class=\"fusion-layout-column fusion_builder_column fusion-builder-column-0 fusion_builder_column_1_2 1_2 fusion-flex-column\" style=\"--awb-bg-size:cover;--awb-width-large:50%;--awb-margin-top-large:0px;--awb-spacing-right-large:3.84%;--awb-margin-bottom-large:0px;--awb-spacing-left-large:3.84%;--awb-width-medium:50%;--awb-spacing-right-medium:3.84%;--awb-spacing-left-medium:3.84%;--awb-width-small:100%;--awb-spacing-right-small:1.92%;--awb-spacing-left-small:1.92%;\"><div class=\"fusion-column-wrapper fusion-column-has-shadow fusion-flex-justify-content-flex-start fusion-content-layout-column\"><div class=\"fusion-image-element\" style=\"--awb-caption-title-font-family:var(--h2_typography-font-family);--awb-caption-title-font-weight:var(--h2_typography-font-weight);--awb-caption-title-font-style:var(--h2_typography-font-style);--awb-caption-title-size:var(--h2_typography-font-size);--awb-caption-title-transform:var(--h2_typography-text-transform);--awb-caption-title-line-height:var(--h2_typography-line-height);--awb-caption-title-letter-spacing:var(--h2_typography-letter-spacing);\"><span class=\"fusion-imageframe imageframe-none imageframe-1 hover-type-none\"><img decoding=\"async\" width=\"516\" height=\"60\" title=\"logo wwsfa FR\" src=\"https:\/\/i0.wp.com\/legacyofhope.ca\/wp-content\/uploads\/2019\/09\/wwsfa-logo-EN.jpg?fit=516%2C60&ssl=1\" data-orig-src=\"http:\/\/legacyofhope.ca\/wp-content\/uploads\/2019\/09\/wwsfa-logo-EN.jpg\" alt class=\"lazyload img-responsive wp-image-1415\" srcset=\"data:image\/svg+xml,%3Csvg%20xmlns%3D%27http%3A%2F%2Fwww.w3.org%2F2000%2Fsvg%27%20width%3D%27516%27%20height%3D%2760%27%20viewBox%3D%270%200%20516%2060%27%3E%3Crect%20width%3D%27516%27%20height%3D%2760%27%20fill-opacity%3D%220%22%2F%3E%3C%2Fsvg%3E\" data-srcset=\"https:\/\/i0.wp.com\/legacyofhope.ca\/wp-content\/uploads\/2019\/09\/wwsfa-logo-EN.jpg?resize=200%2C23&amp;ssl=1 200w, https:\/\/i0.wp.com\/legacyofhope.ca\/wp-content\/uploads\/2019\/09\/wwsfa-logo-EN.jpg?resize=300%2C35&amp;ssl=1 300w, https:\/\/i0.wp.com\/legacyofhope.ca\/wp-content\/uploads\/2019\/09\/wwsfa-logo-EN.jpg?resize=400%2C47&amp;ssl=1 400w, https:\/\/i0.wp.com\/legacyofhope.ca\/wp-content\/uploads\/2019\/09\/wwsfa-logo-EN.jpg?fit=516%2C60&amp;ssl=1 516w\" data-sizes=\"auto\" data-orig-sizes=\"(max-width: 640px) 100vw, 516px\" \/><\/span><\/div><\/div><\/div><\/div><\/div><div class=\"fusion-fullwidth fullwidth-box fusion-builder-row-2 fusion-flex-container nonhundred-percent-fullwidth non-hundred-percent-height-scrolling\" style=\"--awb-border-radius-top-left:0px;--awb-border-radius-top-right:0px;--awb-border-radius-bottom-right:0px;--awb-border-radius-bottom-left:0px;--awb-background-color:#f7f6f2;--awb-flex-wrap:wrap;\" ><div class=\"fusion-builder-row fusion-row fusion-flex-align-items-flex-start fusion-flex-content-wrap\" style=\"max-width:1216.8px;margin-left: calc(-4% \/ 2 );margin-right: calc(-4% \/ 2 );\"><div class=\"fusion-layout-column fusion_builder_column fusion-builder-column-1 fusion_builder_column_1_3 1_3 fusion-flex-column\" style=\"--awb-bg-color:#acc3b3;--awb-bg-color-hover:#acc3b3;--awb-bg-size:cover;--awb-width-large:33.333333333333%;--awb-margin-top-large:17px;--awb-spacing-right-large:3.8399999999999%;--awb-margin-bottom-large:0px;--awb-spacing-left-large:5.76%;--awb-width-medium:33.333333333333%;--awb-spacing-right-medium:3.8399999999999%;--awb-spacing-left-medium:5.76%;--awb-width-small:100%;--awb-spacing-right-small:1.92%;--awb-spacing-left-small:1.92%;\"><div class=\"fusion-column-wrapper fusion-column-has-shadow fusion-flex-justify-content-flex-start fusion-content-layout-column\"><div class=\"fusion-text fusion-text-1\"><h1 style=\"text-align: right;\"><span style=\"color: #ffffff;\">RESSOURCES<\/span><\/h1>\n<\/div><\/div><\/div><div class=\"fusion-layout-column fusion_builder_column fusion-builder-column-2 fusion_builder_column_2_3 2_3 fusion-flex-column\" style=\"--awb-bg-size:cover;--awb-width-large:66.666666666667%;--awb-margin-top-large:0px;--awb-spacing-right-large:2.88%;--awb-margin-bottom-large:0px;--awb-spacing-left-large:3.84%;--awb-width-medium:66.666666666667%;--awb-spacing-right-medium:2.88%;--awb-spacing-left-medium:3.84%;--awb-width-small:100%;--awb-spacing-right-small:1.92%;--awb-spacing-left-small:1.92%;\"><div class=\"fusion-column-wrapper fusion-column-has-shadow fusion-flex-justify-content-flex-start fusion-content-layout-column\"><div class=\"fusion-text fusion-text-2\"><h2><span style=\"color: #903236;\">Livre<\/span><\/h2>\n<p>Ce livre de 189 pages comprend les transcriptions compl\u00e8tes des entrevues des huit survivants. Le livre est \u00e9puis\u00e9 mais peut \u00eatre t\u00e9l\u00e9charg\u00e9 ci-dessous:<\/p>\n<p><a href=\"http:\/\/legacyofhope.ca\/wp-content\/uploads\/2019\/11\/wwsfa-english-min-1.pdf\"><img data-recalc-dims=\"1\" decoding=\"async\" class=\"lazyload alignnone wp-image-2869 size-medium\" src=\"https:\/\/i0.wp.com\/legacyofhope.ca\/wp-content\/uploads\/2019\/11\/Screenshot-2019-11-20-11.00.36-300x235.png?resize=300%2C235\" data-orig-src=\"http:\/\/legacyofhope.ca\/wp-content\/uploads\/2019\/11\/Screenshot-2019-11-20-11.00.36-300x235.png\" alt=\"\" width=\"300\" height=\"235\" srcset=\"data:image\/svg+xml,%3Csvg%20xmlns%3D%27http%3A%2F%2Fwww.w3.org%2F2000%2Fsvg%27%20width%3D%27300%27%20height%3D%27235%27%20viewBox%3D%270%200%20300%20235%27%3E%3Crect%20width%3D%27300%27%20height%3D%27235%27%20fill-opacity%3D%220%22%2F%3E%3C%2Fsvg%3E\" data-srcset=\"https:\/\/i0.wp.com\/legacyofhope.ca\/wp-content\/uploads\/2019\/11\/Screenshot-2019-11-20-11.00.36.png?resize=200%2C156&amp;ssl=1 200w, https:\/\/i0.wp.com\/legacyofhope.ca\/wp-content\/uploads\/2019\/11\/Screenshot-2019-11-20-11.00.36.png?resize=300%2C235&amp;ssl=1 300w, https:\/\/i0.wp.com\/legacyofhope.ca\/wp-content\/uploads\/2019\/11\/Screenshot-2019-11-20-11.00.36.png?resize=400%2C313&amp;ssl=1 400w, https:\/\/i0.wp.com\/legacyofhope.ca\/wp-content\/uploads\/2019\/11\/Screenshot-2019-11-20-11.00.36.png?resize=600%2C469&amp;ssl=1 600w, https:\/\/i0.wp.com\/legacyofhope.ca\/wp-content\/uploads\/2019\/11\/Screenshot-2019-11-20-11.00.36.png?resize=768%2C601&amp;ssl=1 768w, https:\/\/i0.wp.com\/legacyofhope.ca\/wp-content\/uploads\/2019\/11\/Screenshot-2019-11-20-11.00.36.png?resize=800%2C626&amp;ssl=1 800w, https:\/\/i0.wp.com\/legacyofhope.ca\/wp-content\/uploads\/2019\/11\/Screenshot-2019-11-20-11.00.36.png?resize=1024%2C801&amp;ssl=1 1024w, https:\/\/i0.wp.com\/legacyofhope.ca\/wp-content\/uploads\/2019\/11\/Screenshot-2019-11-20-11.00.36.png?resize=1200%2C939&amp;ssl=1 1200w, https:\/\/i0.wp.com\/legacyofhope.ca\/wp-content\/uploads\/2019\/11\/Screenshot-2019-11-20-11.00.36.png?resize=1536%2C1202&amp;ssl=1 1536w, https:\/\/i0.wp.com\/legacyofhope.ca\/wp-content\/uploads\/2019\/11\/Screenshot-2019-11-20-11.00.36.png?fit=1562%2C1222&amp;ssl=1 1562w\" data-sizes=\"auto\" data-orig-sizes=\"(max-width: 300px) 100vw, 300px\" \/><\/a><\/p>\n<p><a href=\"http:\/\/legacyofhope.ca\/wp-content\/uploads\/2019\/11\/wwsfa-english-min-1.pdf\">Cliquez pour t\u00e9l\u00e9charger le<em>\u00a0<\/em>We Were So Far Away livre.<\/a><\/p>\n<h2><span style=\"color: #903236;\">Livret Les Inuits et le syst\u00e8me des pensionnats indiens<\/span><\/h2>\n<p><img data-recalc-dims=\"1\" decoding=\"async\" class=\"lazyload alignnone size-medium wp-image-2871\" src=\"https:\/\/i0.wp.com\/legacyofhope.ca\/wp-content\/uploads\/2019\/11\/Screenshot-2019-11-20-10.59.54-232x300.png?resize=232%2C300\" data-orig-src=\"http:\/\/legacyofhope.ca\/wp-content\/uploads\/2019\/11\/Screenshot-2019-11-20-10.59.54-232x300.png\" alt=\"\" width=\"232\" height=\"300\" srcset=\"data:image\/svg+xml,%3Csvg%20xmlns%3D%27http%3A%2F%2Fwww.w3.org%2F2000%2Fsvg%27%20width%3D%27232%27%20height%3D%27300%27%20viewBox%3D%270%200%20232%20300%27%3E%3Crect%20width%3D%27232%27%20height%3D%27300%27%20fill-opacity%3D%220%22%2F%3E%3C%2Fsvg%3E\" data-srcset=\"https:\/\/i0.wp.com\/legacyofhope.ca\/wp-content\/uploads\/2019\/11\/Screenshot-2019-11-20-10.59.54.png?resize=200%2C259&amp;ssl=1 200w, https:\/\/i0.wp.com\/legacyofhope.ca\/wp-content\/uploads\/2019\/11\/Screenshot-2019-11-20-10.59.54.png?resize=232%2C300&amp;ssl=1 232w, https:\/\/i0.wp.com\/legacyofhope.ca\/wp-content\/uploads\/2019\/11\/Screenshot-2019-11-20-10.59.54.png?resize=400%2C518&amp;ssl=1 400w, https:\/\/i0.wp.com\/legacyofhope.ca\/wp-content\/uploads\/2019\/11\/Screenshot-2019-11-20-10.59.54.png?resize=600%2C777&amp;ssl=1 600w, https:\/\/i0.wp.com\/legacyofhope.ca\/wp-content\/uploads\/2019\/11\/Screenshot-2019-11-20-10.59.54.png?resize=768%2C995&amp;ssl=1 768w, https:\/\/i0.wp.com\/legacyofhope.ca\/wp-content\/uploads\/2019\/11\/Screenshot-2019-11-20-10.59.54.png?resize=790%2C1024&amp;ssl=1 790w, https:\/\/i0.wp.com\/legacyofhope.ca\/wp-content\/uploads\/2019\/11\/Screenshot-2019-11-20-10.59.54.png?resize=800%2C1037&amp;ssl=1 800w, https:\/\/i0.wp.com\/legacyofhope.ca\/wp-content\/uploads\/2019\/11\/Screenshot-2019-11-20-10.59.54.png?resize=1186%2C1536&amp;ssl=1 1186w, https:\/\/i0.wp.com\/legacyofhope.ca\/wp-content\/uploads\/2019\/11\/Screenshot-2019-11-20-10.59.54.png?resize=1200%2C1555&amp;ssl=1 1200w, https:\/\/i0.wp.com\/legacyofhope.ca\/wp-content\/uploads\/2019\/11\/Screenshot-2019-11-20-10.59.54.png?fit=1380%2C1788&amp;ssl=1 1380w\" data-sizes=\"auto\" data-orig-sizes=\"(max-width: 232px) 100vw, 232px\" \/><\/p>\n<p><a href=\"http:\/\/legacyofhope.ca\/wp-content\/uploads\/2019\/11\/Inuit-and-the-RSS.pdf\">Cliquez pour t\u00e9l\u00e9charger le<em>\u00a0Les Inuits et le syst\u00e8me des pensionnats indiens<\/em>\u00a0brochure.<\/a><\/p>\n<h2><span style=\"color: #903236;\">Vid\u00e9o<\/span><\/h2>\n<p>Voir les huit survivants inuits des pensionnats indiens parler de leurs exp\u00e9riences (27 minutes, 2011)<\/p>\n<div class=\"fusion-video fusion-vimeo\" style=\"--awb-max-width:600px;--awb-max-height:360px;\"><div class=\"video-shortcode\"><div class=\"fluid-width-video-wrapper\" style=\"padding-top:60%;\" ><iframe title=\"Lecteur vid\u00e9o Vimeo 1\" src=\"https:\/\/player.vimeo.com\/video\/38127177?autoplay=0&amp;autopause=0\" width=\"600\" height=\"360\" allowfullscreen allow=\"autoplay; fullscreen\"><\/iframe><\/div><\/div><\/div>\n<h2><span style=\"color: #903236;\">Sites Internet<\/span><\/h2>\n<ul>\n<li><a href=\"http:\/\/legacyofhope.ca\/\">Fondation autochtone de l\u2019espoir<\/a><\/li>\n<li><a href=\"https:\/\/www.fadg.ca\">Fondation autochtone de gu\u00e9rison<\/a><\/li>\n<li><a href=\"http:\/\/www.amnesty.ca\/our-work\/issues\/indigenous-peoples\">Amnesty International Questions relatives aux droits des peuples autochtones<\/a><\/li>\n<li><a href=\"http:\/\/www.afn.ca\/\">Assembl\u00e9e des Premi\u00e8res Nations<\/a><\/li>\n<li><a href=\"http:\/\/www.itk.ca\/\">Inuit Tapiriit Kanatami<\/a><\/li>\n<li><a href=\"http:\/\/www.metisnation.ca\/\">Conseil national des M\u00e9tis<\/a><\/li>\n<li><a href=\"http:\/\/www.nwac.ca\/act-now\">Native Women\u2019s Association of Canada<\/a><\/li>\n<li><a href=\"http:\/\/www.fncaringsociety.com\/shannens-dream\">Shannen\u2019s Dream<\/a><\/li>\n<li><a href=\"http:\/\/www.trc.ca\/\">Commission v\u00e9rit\u00e9 et r\u00e9conciliation<\/a><\/li>\n<li><a href=\"http:\/\/www.wherearethechildren.ca\/\">O\u00f9 sont les enfants?<\/a><\/li>\n<\/ul>\n<h2><span style=\"color: #903236;\">Lecture et visualisation recommand\u00e9es<\/span><\/h2>\n<p>Une s\u00e9lection du nombre croissant de livres, de sites Web et d&#039;articles qui documentent l&#039;histoire et l&#039;h\u00e9ritage des pensionnats indiens<\/p>\n<h4><span style=\"color: #903236;\">Publications<\/span><\/h4>\n<p><strong>Berger, Thomas.<\/strong>\u00a0<em>Northern Frontier, Northern Homeland: le rapport de l&#039;enqu\u00eate sur le pipeline de la vall\u00e9e Mckenzie<\/em>. Ottawa, ON: Ministre des Approvisionnements et Services Canada, 1977.<\/p>\n<p><strong>King, David.<\/strong><em>\u00a0 A Brief Report of the Federal Government of Canada\u2019s Residential School System for Inuit\/Bref compte-rendu du R\u00e9gime du pensionnats pour les Inuit du gouvernement f\u00e9d\u00e9ral du Canada.<\/em>\u00a0Ottawa, ON: Fondation autochtone de gu\u00e9rison, 2006.<\/p>\n<p><strong>Commission royale sur les peuples autochtones (CRPA).<\/strong>\u00a0<em>Report of the Royal Commission on Aboriginal Peoples, Volume 1, Chapter 10: \u201cResidential Schools\u201d.<\/em>\u00a0Ottawa, ON: Ministre des Approvisionnements et Services Canada, 1996.<\/p>\n<p><strong>Younging, Gregory, Jonathan Dewar et Mike DeGagn\u00e9, \u00e9ds.<\/strong>\u00a0<em>Response, Responsibility, and Renewal: Canada\u2019s Truth and Reconciliation Journey\/R\u00e9ponse, responsabilit\u00e9 et renouveau. Cheminement du Canada vers la v\u00e9rit\u00e9 et la r\u00e9conciliation. Ottawa, ON: Aboriginal Healing Foundation, 2009. Younging, Gregory, Jonathan Dewar, et Mike DeGagn\u00e9. R\u00e9ponse, responsabilit\u00e9 et renouveau. Cheminement du Canada vers la v\u00e9rit\u00e9 et la r\u00e9conciliation.<\/em>\u00a0Ottawa (ON): Fondation autochtone de gu\u00e9rison, 2009.<\/p>\n<p><strong>Castellano, Marlene Brant, Linda Archibald et Mike DeGagn\u00e9, \u00e9ds.<\/strong>\u00a0<em>From Truth to Reconciliation: Transforming the Legacy of residential schools\/De la v\u00e9rit\u00e9 \u00e0 la r\u00e9conciliation. Transformer l\u2019h\u00e9ritage des pensionnats.<\/em>\u00a0Ottawa, ON: Fondation autochtone de gu\u00e9rison, 2008.<\/p>\n<\/div><\/div><\/div><\/div><\/div><\/p>","protected":false},"excerpt":{"rendered":"","protected":false},"author":1,"featured_media":0,"parent":1388,"menu_order":0,"comment_status":"closed","ping_status":"closed","template":"","meta":{"_acf_changed":false,"footnotes":""},"class_list":["post-1431","page","type-page","status-publish","hentry"],"acf":[],"yoast_head":"<!-- This site is optimized with the Yoast SEO plugin v27.3 - https:\/\/yoast.com\/product\/yoast-seo-wordpress\/ -->\n<title>Resources - Legacy of Hope Foundation<\/title>\n<meta name=\"robots\" content=\"index, follow, max-snippet:-1, max-image-preview:large, max-video-preview:-1\" \/>\n<link rel=\"canonical\" href=\"https:\/\/legacyofhope.ca\/fr\/weweresofaraway\/resources\/\" \/>\n<meta property=\"og:locale\" content=\"fr_CA\" \/>\n<meta property=\"og:type\" content=\"article\" \/>\n<meta property=\"og:title\" content=\"Resources - Legacy of Hope Foundation\" \/>\n<meta property=\"og:url\" content=\"https:\/\/legacyofhope.ca\/fr\/weweresofaraway\/resources\/\" \/>\n<meta property=\"og:site_name\" content=\"Legacy of Hope Foundation\" \/>\n<meta property=\"article:publisher\" content=\"https:\/\/www.facebook.com\/legacyofhopefound\" \/>\n<meta property=\"article:modified_time\" content=\"2019-11-20T16:53:31+00:00\" \/>\n<meta property=\"og:image\" content=\"http:\/\/legacyofhope.ca\/wp-content\/uploads\/2019\/11\/Screenshot-2019-11-20-11.00.36-300x235.png\" \/>\n<meta name=\"twitter:card\" content=\"summary_large_image\" \/>\n<meta name=\"twitter:site\" content=\"@legacyhopefound\" \/>\n<meta name=\"twitter:label1\" content=\"Estimation du temps de lecture\" \/>\n\t<meta name=\"twitter:data1\" content=\"5 minutes\" \/>\n<script type=\"application\/ld+json\" class=\"yoast-schema-graph\">{\"@context\":\"https:\\\/\\\/schema.org\",\"@graph\":[{\"@type\":\"WebPage\",\"@id\":\"https:\\\/\\\/legacyofhope.ca\\\/weweresofaraway\\\/resources\\\/\",\"url\":\"https:\\\/\\\/legacyofhope.ca\\\/weweresofaraway\\\/resources\\\/\",\"name\":\"Resources - Legacy of Hope Foundation\",\"isPartOf\":{\"@id\":\"https:\\\/\\\/legacyofhope.ca\\\/#website\"},\"primaryImageOfPage\":{\"@id\":\"https:\\\/\\\/legacyofhope.ca\\\/weweresofaraway\\\/resources\\\/#primaryimage\"},\"image\":{\"@id\":\"https:\\\/\\\/legacyofhope.ca\\\/weweresofaraway\\\/resources\\\/#primaryimage\"},\"thumbnailUrl\":\"http:\\\/\\\/legacyofhope.ca\\\/wp-content\\\/uploads\\\/2019\\\/11\\\/Screenshot-2019-11-20-11.00.36-300x235.png\",\"datePublished\":\"2019-09-27T15:22:06+00:00\",\"dateModified\":\"2019-11-20T16:53:31+00:00\",\"breadcrumb\":{\"@id\":\"https:\\\/\\\/legacyofhope.ca\\\/weweresofaraway\\\/resources\\\/#breadcrumb\"},\"inLanguage\":\"fr-CA\",\"potentialAction\":[{\"@type\":\"ReadAction\",\"target\":[\"https:\\\/\\\/legacyofhope.ca\\\/weweresofaraway\\\/resources\\\/\"]}]},{\"@type\":\"ImageObject\",\"inLanguage\":\"fr-CA\",\"@id\":\"https:\\\/\\\/legacyofhope.ca\\\/weweresofaraway\\\/resources\\\/#primaryimage\",\"url\":\"http:\\\/\\\/legacyofhope.ca\\\/wp-content\\\/uploads\\\/2019\\\/11\\\/Screenshot-2019-11-20-11.00.36-300x235.png\",\"contentUrl\":\"http:\\\/\\\/legacyofhope.ca\\\/wp-content\\\/uploads\\\/2019\\\/11\\\/Screenshot-2019-11-20-11.00.36-300x235.png\"},{\"@type\":\"BreadcrumbList\",\"@id\":\"https:\\\/\\\/legacyofhope.ca\\\/weweresofaraway\\\/resources\\\/#breadcrumb\",\"itemListElement\":[{\"@type\":\"ListItem\",\"position\":1,\"name\":\"Home\",\"item\":\"https:\\\/\\\/legacyofhope.ca\\\/\"},{\"@type\":\"ListItem\",\"position\":2,\"name\":\"We Were So Far Away\",\"item\":\"https:\\\/\\\/legacyofhope.ca\\\/weweresofaraway\\\/\"},{\"@type\":\"ListItem\",\"position\":3,\"name\":\"Resources\"}]},{\"@type\":\"WebSite\",\"@id\":\"https:\\\/\\\/legacyofhope.ca\\\/#website\",\"url\":\"https:\\\/\\\/legacyofhope.ca\\\/\",\"name\":\"Legacy of Hope Foundation\",\"description\":\"Indigenous-led charitable organization\",\"publisher\":{\"@id\":\"https:\\\/\\\/legacyofhope.ca\\\/#organization\"},\"potentialAction\":[{\"@type\":\"SearchAction\",\"target\":{\"@type\":\"EntryPoint\",\"urlTemplate\":\"https:\\\/\\\/legacyofhope.ca\\\/?s={search_term_string}\"},\"query-input\":{\"@type\":\"PropertyValueSpecification\",\"valueRequired\":true,\"valueName\":\"search_term_string\"}}],\"inLanguage\":\"fr-CA\"},{\"@type\":\"Organization\",\"@id\":\"https:\\\/\\\/legacyofhope.ca\\\/#organization\",\"name\":\"Legacy of Hope Foundation\",\"url\":\"https:\\\/\\\/legacyofhope.ca\\\/\",\"logo\":{\"@type\":\"ImageObject\",\"inLanguage\":\"fr-CA\",\"@id\":\"https:\\\/\\\/legacyofhope.ca\\\/#\\\/schema\\\/logo\\\/image\\\/\",\"url\":\"https:\\\/\\\/i0.wp.com\\\/legacyofhope.ca\\\/wp-content\\\/uploads\\\/2023\\\/04\\\/LHF-Logo-English-Cropped-scaled.jpeg?fit=2560%2C1251&ssl=1\",\"contentUrl\":\"https:\\\/\\\/i0.wp.com\\\/legacyofhope.ca\\\/wp-content\\\/uploads\\\/2023\\\/04\\\/LHF-Logo-English-Cropped-scaled.jpeg?fit=2560%2C1251&ssl=1\",\"width\":2560,\"height\":1251,\"caption\":\"Legacy of Hope Foundation\"},\"image\":{\"@id\":\"https:\\\/\\\/legacyofhope.ca\\\/#\\\/schema\\\/logo\\\/image\\\/\"},\"sameAs\":[\"https:\\\/\\\/www.facebook.com\\\/legacyofhopefound\",\"https:\\\/\\\/x.com\\\/legacyhopefound\",\"https:\\\/\\\/www.youtube.com\\\/@LegacyofHopeFoundation\"]}]}<\/script>\n<!-- \/ Yoast SEO plugin. -->","yoast_head_json":{"title":"Resources - Legacy of Hope Foundation","robots":{"index":"index","follow":"follow","max-snippet":"max-snippet:-1","max-image-preview":"max-image-preview:large","max-video-preview":"max-video-preview:-1"},"canonical":"https:\/\/legacyofhope.ca\/fr\/weweresofaraway\/resources\/","og_locale":"fr_CA","og_type":"article","og_title":"Resources - Legacy of Hope Foundation","og_url":"https:\/\/legacyofhope.ca\/fr\/weweresofaraway\/resources\/","og_site_name":"Legacy of Hope Foundation","article_publisher":"https:\/\/www.facebook.com\/legacyofhopefound","article_modified_time":"2019-11-20T16:53:31+00:00","og_image":[{"url":"http:\/\/legacyofhope.ca\/wp-content\/uploads\/2019\/11\/Screenshot-2019-11-20-11.00.36-300x235.png","type":"","width":"","height":""}],"twitter_card":"summary_large_image","twitter_site":"@legacyhopefound","twitter_misc":{"Estimation du temps de lecture":"5 minutes"},"schema":{"@context":"https:\/\/schema.org","@graph":[{"@type":"WebPage","@id":"https:\/\/legacyofhope.ca\/weweresofaraway\/resources\/","url":"https:\/\/legacyofhope.ca\/weweresofaraway\/resources\/","name":"Resources - Legacy of Hope Foundation","isPartOf":{"@id":"https:\/\/legacyofhope.ca\/#website"},"primaryImageOfPage":{"@id":"https:\/\/legacyofhope.ca\/weweresofaraway\/resources\/#primaryimage"},"image":{"@id":"https:\/\/legacyofhope.ca\/weweresofaraway\/resources\/#primaryimage"},"thumbnailUrl":"http:\/\/legacyofhope.ca\/wp-content\/uploads\/2019\/11\/Screenshot-2019-11-20-11.00.36-300x235.png","datePublished":"2019-09-27T15:22:06+00:00","dateModified":"2019-11-20T16:53:31+00:00","breadcrumb":{"@id":"https:\/\/legacyofhope.ca\/weweresofaraway\/resources\/#breadcrumb"},"inLanguage":"fr-CA","potentialAction":[{"@type":"ReadAction","target":["https:\/\/legacyofhope.ca\/weweresofaraway\/resources\/"]}]},{"@type":"ImageObject","inLanguage":"fr-CA","@id":"https:\/\/legacyofhope.ca\/weweresofaraway\/resources\/#primaryimage","url":"http:\/\/legacyofhope.ca\/wp-content\/uploads\/2019\/11\/Screenshot-2019-11-20-11.00.36-300x235.png","contentUrl":"http:\/\/legacyofhope.ca\/wp-content\/uploads\/2019\/11\/Screenshot-2019-11-20-11.00.36-300x235.png"},{"@type":"BreadcrumbList","@id":"https:\/\/legacyofhope.ca\/weweresofaraway\/resources\/#breadcrumb","itemListElement":[{"@type":"ListItem","position":1,"name":"Home","item":"https:\/\/legacyofhope.ca\/"},{"@type":"ListItem","position":2,"name":"We Were So Far Away","item":"https:\/\/legacyofhope.ca\/weweresofaraway\/"},{"@type":"ListItem","position":3,"name":"Resources"}]},{"@type":"WebSite","@id":"https:\/\/legacyofhope.ca\/#website","url":"https:\/\/legacyofhope.ca\/","name":"Fondation autochtone de l\u2019espoir","description":"Organisme de bienfaisance dirig\u00e9 par des Autochtones","publisher":{"@id":"https:\/\/legacyofhope.ca\/#organization"},"potentialAction":[{"@type":"SearchAction","target":{"@type":"EntryPoint","urlTemplate":"https:\/\/legacyofhope.ca\/?s={search_term_string}"},"query-input":{"@type":"PropertyValueSpecification","valueRequired":true,"valueName":"search_term_string"}}],"inLanguage":"fr-CA"},{"@type":"Organization","@id":"https:\/\/legacyofhope.ca\/#organization","name":"Fondation autochtone de l\u2019espoir","url":"https:\/\/legacyofhope.ca\/","logo":{"@type":"ImageObject","inLanguage":"fr-CA","@id":"https:\/\/legacyofhope.ca\/#\/schema\/logo\/image\/","url":"https:\/\/i0.wp.com\/legacyofhope.ca\/wp-content\/uploads\/2023\/04\/LHF-Logo-English-Cropped-scaled.jpeg?fit=2560%2C1251&ssl=1","contentUrl":"https:\/\/i0.wp.com\/legacyofhope.ca\/wp-content\/uploads\/2023\/04\/LHF-Logo-English-Cropped-scaled.jpeg?fit=2560%2C1251&ssl=1","width":2560,"height":1251,"caption":"Legacy of Hope Foundation"},"image":{"@id":"https:\/\/legacyofhope.ca\/#\/schema\/logo\/image\/"},"sameAs":["https:\/\/www.facebook.com\/legacyofhopefound","https:\/\/x.com\/legacyhopefound","https:\/\/www.youtube.com\/@LegacyofHopeFoundation"]}]}},"jetpack_sharing_enabled":true,"_links":{"self":[{"href":"https:\/\/legacyofhope.ca\/fr\/wp-json\/wp\/v2\/pages\/1431","targetHints":{"allow":["GET"]}}],"collection":[{"href":"https:\/\/legacyofhope.ca\/fr\/wp-json\/wp\/v2\/pages"}],"about":[{"href":"https:\/\/legacyofhope.ca\/fr\/wp-json\/wp\/v2\/types\/page"}],"author":[{"embeddable":true,"href":"https:\/\/legacyofhope.ca\/fr\/wp-json\/wp\/v2\/users\/1"}],"replies":[{"embeddable":true,"href":"https:\/\/legacyofhope.ca\/fr\/wp-json\/wp\/v2\/comments?post=1431"}],"version-history":[{"count":0,"href":"https:\/\/legacyofhope.ca\/fr\/wp-json\/wp\/v2\/pages\/1431\/revisions"}],"up":[{"embeddable":true,"href":"https:\/\/legacyofhope.ca\/fr\/wp-json\/wp\/v2\/pages\/1388"}],"wp:attachment":[{"href":"https:\/\/legacyofhope.ca\/fr\/wp-json\/wp\/v2\/media?parent=1431"}],"curies":[{"name":"wp","href":"https:\/\/api.w.org\/{rel}","templated":true}]}}