{"id":103,"date":"2019-08-16T13:12:19","date_gmt":"2019-08-16T17:12:19","guid":{"rendered":"http:\/\/legacyofhope.ca\/?page_id=103"},"modified":"2019-09-17T10:02:40","modified_gmt":"2019-09-17T14:02:40","slug":"where-are-the-children-healing-the-legacy-of-the-residential-schools-2","status":"publish","type":"page","link":"https:\/\/legacyofhope.ca\/fr\/home\/exhibitions\/where-are-the-children-healing-the-legacy-of-the-residential-schools-2\/","title":{"rendered":"Where are the Children? Healing The Legacy Of The Residential Schools."},"content":{"rendered":"<p>Cette exposition, la premi\u00e8re au Canada \u00e0 \u00eatre d\u00e9velopp\u00e9e sur les pensionnats indiens, utilise des photographies et des documents d'archives pour raconter l'histoire du R\u00e9gime des pensionnats indiens en utilisant un format de style mus\u00e9al plus traditionnel. Le contenu est pr\u00e9sent\u00e9 sur des panneaux de texte et les images sous forme de photographies encadr\u00e9es.<\/p>\n<ul>\n<li><a href=\"http:\/\/wherearethechildren.ca\/en\">Click here to visit the Where are the Children website<\/a><\/li>\n<li>Click here to download the Where are the Children mobile app\u00a0<a href=\"https:\/\/itunes.apple.com\/ca\/app\/legacy-hope-where-are-children\/id546418837\">iPhone<\/a>\u00a0et\u00a0<a href=\"https:\/\/play.google.com\/store\/apps\/details?id=com.tristaninteractive.loh.children\">Android<\/a><\/li>\n<\/ul>\n<p>&nbsp;<\/p>","protected":false},"excerpt":{"rendered":"<p>This exhibition, the first in Canada to be developed on residential schools, uses archival photographs and documents, to tell the story of the System using a more traditional museum-style format. The content is presented on text panels and the images as framed photographs. Click here to visit the Where are the Children website Click here<\/p>","protected":false},"author":1,"featured_media":0,"parent":841,"menu_order":0,"comment_status":"closed","ping_status":"closed","template":"","meta":{"_acf_changed":false,"footnotes":""},"class_list":["post-103","page","type-page","status-publish","hentry"],"acf":[],"yoast_head":"<!-- This site is optimized with the Yoast SEO plugin v27.3 - https:\/\/yoast.com\/product\/yoast-seo-wordpress\/ -->\n<title>Where are the Children? Healing The Legacy Of The Residential Schools. - Legacy of Hope Foundation<\/title>\n<meta name=\"robots\" content=\"index, follow, max-snippet:-1, max-image-preview:large, max-video-preview:-1\" \/>\n<link rel=\"canonical\" href=\"https:\/\/legacyofhope.ca\/fr\/home\/exhibitions\/where-are-the-children-healing-the-legacy-of-the-residential-schools-2\/\" \/>\n<meta property=\"og:locale\" content=\"fr_CA\" \/>\n<meta property=\"og:type\" content=\"article\" \/>\n<meta property=\"og:title\" content=\"Where are the Children? Healing The Legacy Of The Residential Schools. - Legacy of Hope Foundation\" \/>\n<meta property=\"og:description\" content=\"This exhibition, the first in Canada to be developed on residential schools, uses archival photographs and documents, to tell the story of the System using a more traditional museum-style format. The content is presented on text panels and the images as framed photographs. Click here to visit the Where are the Children website Click here\" \/>\n<meta property=\"og:url\" content=\"https:\/\/legacyofhope.ca\/fr\/home\/exhibitions\/where-are-the-children-healing-the-legacy-of-the-residential-schools-2\/\" \/>\n<meta property=\"og:site_name\" content=\"Legacy of Hope Foundation\" \/>\n<meta property=\"article:publisher\" content=\"https:\/\/www.facebook.com\/legacyofhopefound\" \/>\n<meta property=\"article:modified_time\" content=\"2019-09-17T14:02:40+00:00\" \/>\n<meta name=\"twitter:card\" content=\"summary_large_image\" \/>\n<meta name=\"twitter:site\" content=\"@legacyhopefound\" \/>\n<script type=\"application\/ld+json\" class=\"yoast-schema-graph\">{\"@context\":\"https:\\\/\\\/schema.org\",\"@graph\":[{\"@type\":\"WebPage\",\"@id\":\"https:\\\/\\\/legacyofhope.ca\\\/home\\\/exhibitions\\\/where-are-the-children-healing-the-legacy-of-the-residential-schools-2\\\/\",\"url\":\"https:\\\/\\\/legacyofhope.ca\\\/home\\\/exhibitions\\\/where-are-the-children-healing-the-legacy-of-the-residential-schools-2\\\/\",\"name\":\"Where are the Children? Healing The Legacy Of The Residential Schools. - Legacy of Hope Foundation\",\"isPartOf\":{\"@id\":\"https:\\\/\\\/legacyofhope.ca\\\/#website\"},\"datePublished\":\"2019-08-16T17:12:19+00:00\",\"dateModified\":\"2019-09-17T14:02:40+00:00\",\"breadcrumb\":{\"@id\":\"https:\\\/\\\/legacyofhope.ca\\\/home\\\/exhibitions\\\/where-are-the-children-healing-the-legacy-of-the-residential-schools-2\\\/#breadcrumb\"},\"inLanguage\":\"fr-CA\",\"potentialAction\":[{\"@type\":\"ReadAction\",\"target\":[\"https:\\\/\\\/legacyofhope.ca\\\/home\\\/exhibitions\\\/where-are-the-children-healing-the-legacy-of-the-residential-schools-2\\\/\"]}]},{\"@type\":\"BreadcrumbList\",\"@id\":\"https:\\\/\\\/legacyofhope.ca\\\/home\\\/exhibitions\\\/where-are-the-children-healing-the-legacy-of-the-residential-schools-2\\\/#breadcrumb\",\"itemListElement\":[{\"@type\":\"ListItem\",\"position\":1,\"name\":\"Home\",\"item\":\"https:\\\/\\\/legacyofhope.ca\\\/\"},{\"@type\":\"ListItem\",\"position\":2,\"name\":\"Home\",\"item\":\"https:\\\/\\\/legacyofhope.ca\\\/\"},{\"@type\":\"ListItem\",\"position\":3,\"name\":\"Exhibitions\",\"item\":\"https:\\\/\\\/legacyofhope.ca\\\/home\\\/exhibitions\\\/\"},{\"@type\":\"ListItem\",\"position\":4,\"name\":\"Where are the Children? Healing The Legacy Of The Residential Schools.\"}]},{\"@type\":\"WebSite\",\"@id\":\"https:\\\/\\\/legacyofhope.ca\\\/#website\",\"url\":\"https:\\\/\\\/legacyofhope.ca\\\/\",\"name\":\"Legacy of Hope Foundation\",\"description\":\"Indigenous-led charitable organization\",\"publisher\":{\"@id\":\"https:\\\/\\\/legacyofhope.ca\\\/#organization\"},\"potentialAction\":[{\"@type\":\"SearchAction\",\"target\":{\"@type\":\"EntryPoint\",\"urlTemplate\":\"https:\\\/\\\/legacyofhope.ca\\\/?s={search_term_string}\"},\"query-input\":{\"@type\":\"PropertyValueSpecification\",\"valueRequired\":true,\"valueName\":\"search_term_string\"}}],\"inLanguage\":\"fr-CA\"},{\"@type\":\"Organization\",\"@id\":\"https:\\\/\\\/legacyofhope.ca\\\/#organization\",\"name\":\"Legacy of Hope Foundation\",\"url\":\"https:\\\/\\\/legacyofhope.ca\\\/\",\"logo\":{\"@type\":\"ImageObject\",\"inLanguage\":\"fr-CA\",\"@id\":\"https:\\\/\\\/legacyofhope.ca\\\/#\\\/schema\\\/logo\\\/image\\\/\",\"url\":\"https:\\\/\\\/i0.wp.com\\\/legacyofhope.ca\\\/wp-content\\\/uploads\\\/2023\\\/04\\\/LHF-Logo-English-Cropped-scaled.jpeg?fit=2560%2C1251&ssl=1\",\"contentUrl\":\"https:\\\/\\\/i0.wp.com\\\/legacyofhope.ca\\\/wp-content\\\/uploads\\\/2023\\\/04\\\/LHF-Logo-English-Cropped-scaled.jpeg?fit=2560%2C1251&ssl=1\",\"width\":2560,\"height\":1251,\"caption\":\"Legacy of Hope Foundation\"},\"image\":{\"@id\":\"https:\\\/\\\/legacyofhope.ca\\\/#\\\/schema\\\/logo\\\/image\\\/\"},\"sameAs\":[\"https:\\\/\\\/www.facebook.com\\\/legacyofhopefound\",\"https:\\\/\\\/x.com\\\/legacyhopefound\",\"https:\\\/\\\/www.youtube.com\\\/@LegacyofHopeFoundation\"]}]}<\/script>\n<!-- \/ Yoast SEO plugin. -->","yoast_head_json":{"title":"Where are the Children? Healing The Legacy Of The Residential Schools. - Legacy of Hope Foundation","robots":{"index":"index","follow":"follow","max-snippet":"max-snippet:-1","max-image-preview":"max-image-preview:large","max-video-preview":"max-video-preview:-1"},"canonical":"https:\/\/legacyofhope.ca\/fr\/home\/exhibitions\/where-are-the-children-healing-the-legacy-of-the-residential-schools-2\/","og_locale":"fr_CA","og_type":"article","og_title":"Where are the Children? Healing The Legacy Of The Residential Schools. - Legacy of Hope Foundation","og_description":"This exhibition, the first in Canada to be developed on residential schools, uses archival photographs and documents, to tell the story of the System using a more traditional museum-style format. The content is presented on text panels and the images as framed photographs. Click here to visit the Where are the Children website Click here","og_url":"https:\/\/legacyofhope.ca\/fr\/home\/exhibitions\/where-are-the-children-healing-the-legacy-of-the-residential-schools-2\/","og_site_name":"Legacy of Hope Foundation","article_publisher":"https:\/\/www.facebook.com\/legacyofhopefound","article_modified_time":"2019-09-17T14:02:40+00:00","twitter_card":"summary_large_image","twitter_site":"@legacyhopefound","schema":{"@context":"https:\/\/schema.org","@graph":[{"@type":"WebPage","@id":"https:\/\/legacyofhope.ca\/home\/exhibitions\/where-are-the-children-healing-the-legacy-of-the-residential-schools-2\/","url":"https:\/\/legacyofhope.ca\/home\/exhibitions\/where-are-the-children-healing-the-legacy-of-the-residential-schools-2\/","name":"Where are the Children? Healing The Legacy Of The Residential Schools. - Legacy of Hope Foundation","isPartOf":{"@id":"https:\/\/legacyofhope.ca\/#website"},"datePublished":"2019-08-16T17:12:19+00:00","dateModified":"2019-09-17T14:02:40+00:00","breadcrumb":{"@id":"https:\/\/legacyofhope.ca\/home\/exhibitions\/where-are-the-children-healing-the-legacy-of-the-residential-schools-2\/#breadcrumb"},"inLanguage":"fr-CA","potentialAction":[{"@type":"ReadAction","target":["https:\/\/legacyofhope.ca\/home\/exhibitions\/where-are-the-children-healing-the-legacy-of-the-residential-schools-2\/"]}]},{"@type":"BreadcrumbList","@id":"https:\/\/legacyofhope.ca\/home\/exhibitions\/where-are-the-children-healing-the-legacy-of-the-residential-schools-2\/#breadcrumb","itemListElement":[{"@type":"ListItem","position":1,"name":"Home","item":"https:\/\/legacyofhope.ca\/"},{"@type":"ListItem","position":2,"name":"Home","item":"https:\/\/legacyofhope.ca\/"},{"@type":"ListItem","position":3,"name":"Exhibitions","item":"https:\/\/legacyofhope.ca\/home\/exhibitions\/"},{"@type":"ListItem","position":4,"name":"Where are the Children? Healing The Legacy Of The Residential Schools."}]},{"@type":"WebSite","@id":"https:\/\/legacyofhope.ca\/#website","url":"https:\/\/legacyofhope.ca\/","name":"Fondation autochtone de l\u2019espoir","description":"Organisme de bienfaisance dirig\u00e9 par des Autochtones","publisher":{"@id":"https:\/\/legacyofhope.ca\/#organization"},"potentialAction":[{"@type":"SearchAction","target":{"@type":"EntryPoint","urlTemplate":"https:\/\/legacyofhope.ca\/?s={search_term_string}"},"query-input":{"@type":"PropertyValueSpecification","valueRequired":true,"valueName":"search_term_string"}}],"inLanguage":"fr-CA"},{"@type":"Organization","@id":"https:\/\/legacyofhope.ca\/#organization","name":"Fondation autochtone de l\u2019espoir","url":"https:\/\/legacyofhope.ca\/","logo":{"@type":"ImageObject","inLanguage":"fr-CA","@id":"https:\/\/legacyofhope.ca\/#\/schema\/logo\/image\/","url":"https:\/\/i0.wp.com\/legacyofhope.ca\/wp-content\/uploads\/2023\/04\/LHF-Logo-English-Cropped-scaled.jpeg?fit=2560%2C1251&ssl=1","contentUrl":"https:\/\/i0.wp.com\/legacyofhope.ca\/wp-content\/uploads\/2023\/04\/LHF-Logo-English-Cropped-scaled.jpeg?fit=2560%2C1251&ssl=1","width":2560,"height":1251,"caption":"Legacy of Hope Foundation"},"image":{"@id":"https:\/\/legacyofhope.ca\/#\/schema\/logo\/image\/"},"sameAs":["https:\/\/www.facebook.com\/legacyofhopefound","https:\/\/x.com\/legacyhopefound","https:\/\/www.youtube.com\/@LegacyofHopeFoundation"]}]}},"jetpack_sharing_enabled":true,"_links":{"self":[{"href":"https:\/\/legacyofhope.ca\/fr\/wp-json\/wp\/v2\/pages\/103","targetHints":{"allow":["GET"]}}],"collection":[{"href":"https:\/\/legacyofhope.ca\/fr\/wp-json\/wp\/v2\/pages"}],"about":[{"href":"https:\/\/legacyofhope.ca\/fr\/wp-json\/wp\/v2\/types\/page"}],"author":[{"embeddable":true,"href":"https:\/\/legacyofhope.ca\/fr\/wp-json\/wp\/v2\/users\/1"}],"replies":[{"embeddable":true,"href":"https:\/\/legacyofhope.ca\/fr\/wp-json\/wp\/v2\/comments?post=103"}],"version-history":[{"count":0,"href":"https:\/\/legacyofhope.ca\/fr\/wp-json\/wp\/v2\/pages\/103\/revisions"}],"up":[{"embeddable":true,"href":"https:\/\/legacyofhope.ca\/fr\/wp-json\/wp\/v2\/pages\/841"}],"wp:attachment":[{"href":"https:\/\/legacyofhope.ca\/fr\/wp-json\/wp\/v2\/media?parent=103"}],"curies":[{"name":"wp","href":"https:\/\/api.w.org\/{rel}","templated":true}]}}